{"id":166,"date":"2021-10-27T12:12:49","date_gmt":"2021-10-27T12:12:49","guid":{"rendered":"http:\/\/new.complycube.io\/?page_id=166"},"modified":"2022-10-14T13:36:38","modified_gmt":"2022-10-14T13:36:38","slug":"politica-sui-cookie","status":"publish","type":"page","link":"https:\/\/www.complycube.com\/it\/cookie-policy\/","title":{"rendered":"Gestione dei Cookie"},"content":{"rendered":"<h2>COME UTILIZZIAMO I COOKIE<\/h2>\n<ol type=\"1\">\n<li>Il nostro sito (https:\/\/www.complycube.com) utilizza i cookie per distinguerti dagli altri utenti del nostro sito. Un cookie \u00e8 un piccolo file che chiede il permesso di essere inserito nel disco rigido del tuo computer. Una volta accettato, il file viene aggiunto e il cookie aiuta ad analizzare il traffico web o ti consente di sapere quando visiti un determinato sito. I cookie consentono alle applicazioni web di rispondere a te come individuo, fornendo quindi una buona esperienza e allo stesso tempo permettendoci di migliorare il nostro sito. L&#039;applicazione web pu\u00f2 adattare le sue operazioni alle tue esigenze, simpatie e antipatie raccogliendo e ricordando le informazioni sulle tue preferenze.<\/li>\n<li>Utilizziamo i cookie del registro del traffico per identificare quali pagine vengono utilizzate. Questo ci aiuta ad analizzare i dati sul traffico della pagina web e a migliorare il nostro sito web per adattarlo alle esigenze dei clienti. Utilizziamo queste informazioni solo per scopi di analisi statistica e quindi i dati vengono rimossi dal sistema.<\/li>\n<li>Nel complesso, i cookie ci aiutano a fornirti un sito web migliore, consentendoci di monitorare quali pagine trovi utili e quali no. Un cookie non ci d\u00e0 in alcun modo accesso al tuo computer oa qualsiasi informazione su di te, oltre ai dati che scegli di condividere con noi. Accedendo al nostro sito, ci autorizzi a utilizzare i cookie sul tuo sistema. La maggior parte dei browser Web accetta automaticamente i cookie, ma di solito \u00e8 possibile modificare le impostazioni del browser per rifiutare i cookie, se lo si preferisce. Ci\u00f2 ti impedir\u00e0 di sfruttare appieno il sito web.<\/li>\n<\/ol>\n<h2>TIPI DI COOKIE<\/h2>\n<p class=\"legal\">I cookie rientrano in una delle quattro categorie:<\/p>\n<ul type=\"1\">\n<li>Strettamente necessari, necessari per il corretto funzionamento delle funzioni essenziali del sito.<\/li>\n<li>Cookie di performance, che ci consentono di analizzare come viene utilizzato il sito al fine di migliorarlo. Questi cookie non contengono informazioni personali che identificano un visitatore e tutte le informazioni raccolte sono aggregate e quindi anonime. Utilizzando il nostro sito, accetti che possiamo inserire questi tipi di cookie sul tuo dispositivo.<\/li>\n<li>Funzionalit\u00e0 necessarie, che consentono al sito web di ricordare le scelte che fai, come il nome utente, la lingua, ecc. Questi cookie non consentono a ComplyCube di tracciare la tua attivit\u00e0 di navigazione su altri siti. Quando scegli di consentire al tuo browser di ricordare i tuoi dati di accesso, accetti che possiamo inserire questi tipi di cookie sul tuo dispositivo.<\/li>\n<li>Targeting necessario, che vengono utilizzati per fornire annunci pi\u00f9 pertinenti all&#039;utente e ai suoi interessi. Per gli utenti che hanno effettuato l&#039;accesso, non vengono offerti annunci, quindi questi cookie si applicano solo ai visitatori che si sono disconnessi.<\/li>\n<\/ul>\n<h2>CONTROLLO SUI COOKIE<\/h2>\n<p class=\"legal\">Puoi bloccare i cookie attivando l&#039;impostazione sul tuo browser che ti consente di rifiutare l&#039;impostazione di tutti o alcuni cookie. Tuttavia, se utilizzi le impostazioni del browser per bloccare tutti i cookie (inclusi i cookie essenziali) potresti non essere in grado di accedere a tutto oa parti del nostro sito.<\/p>","protected":false},"excerpt":{"rendered":"<p>HOW WE USE COOKIES Our site (https:\/\/www.complycube.com) uses cookies to distinguish you from other users of our site. A cookie is a small file which asks permission to be placed on your computer&#8217;s hard drive. Once you agree, the file is added and the cookie helps analyse web traffic or lets you know when you [&hellip;]<\/p>\n","protected":false},"author":1,"featured_media":0,"parent":0,"menu_order":11,"comment_status":"closed","ping_status":"closed","template":"","meta":{"_acf_changed":false,"content-type":"","inline_featured_image":false,"footnotes":""},"class_list":["post-166","page","type-page","status-publish","hentry"],"acf":[],"aioseo_notices":[],"aioseo_head":"\n\t\t<!-- All in One SEO Pro 4.9.6.2 - aioseo.com -->\n\t<meta name=\"description\" content=\"Have you been wondering how we utilize the cookies we gather? They\u2019re there to help us make the experience better for you. Read our cookie policy now!\" \/>\n\t<meta name=\"robots\" content=\"max-image-preview:large\" \/>\n\t<meta name=\"google-site-verification\" content=\"9nwsC3BxNQT0rN_dh5xNnCBQI6EVMaGEtvfky-IUUgQ\" \/>\n\t<meta name=\"msvalidate.01\" content=\"6787C3F0846FBE039FCD4064ECED4F6A\" \/>\n\t<link rel=\"canonical\" href=\"https:\/\/www.complycube.com\/it\/cookie-policy\/\" \/>\n\t<meta name=\"generator\" content=\"All in One SEO Pro (AIOSEO) 4.9.6.2\" \/>\n\t\t<meta property=\"og:locale\" content=\"it_IT\" \/>\n\t\t<meta property=\"og:site_name\" content=\"ComplyCube | ComplyCube&#039;s API automates Identity Verification (IDV), Know Your Customer (KYC) &amp; Anti-Money Laundering (AML) checks. Get started with our AML\/KYC API today\" \/>\n\t\t<meta property=\"og:type\" content=\"article\" \/>\n\t\t<meta property=\"og:title\" content=\"ComplyCube&#039;s Cookie Policy: The Robust AML SAAS Company\" \/>\n\t\t<meta property=\"og:description\" content=\"Have you been wondering how we utilize the cookies we gather? They\u2019re there to help us make the experience better for you. Read our cookie policy now!\" \/>\n\t\t<meta property=\"og:url\" content=\"https:\/\/www.complycube.com\/it\/cookie-policy\/\" \/>\n\t\t<meta property=\"og:image\" content=\"https:\/\/www.complycube.com\/wp-content\/uploads\/2021\/10\/complycube-favicon.png\" \/>\n\t\t<meta property=\"og:image:secure_url\" content=\"https:\/\/www.complycube.com\/wp-content\/uploads\/2021\/10\/complycube-favicon.png\" \/>\n\t\t<meta property=\"og:image:width\" content=\"512\" \/>\n\t\t<meta property=\"og:image:height\" content=\"512\" \/>\n\t\t<meta property=\"article:published_time\" content=\"2021-10-27T12:12:49+00:00\" \/>\n\t\t<meta property=\"article:modified_time\" content=\"2022-10-14T13:36:38+00:00\" \/>\n\t\t<meta property=\"article:publisher\" content=\"https:\/\/www.facebook.com\/ComplyCube\" \/>\n\t\t<meta name=\"twitter:card\" content=\"summary\" \/>\n\t\t<meta name=\"twitter:site\" content=\"@ComplyCube\" \/>\n\t\t<meta name=\"twitter:title\" content=\"ComplyCube&#039;s Cookie Policy: The Robust AML SAAS Company\" \/>\n\t\t<meta name=\"twitter:description\" content=\"Have you been wondering how we utilize the cookies we gather? They\u2019re there to help us make the experience better for you. Read our cookie policy now!\" \/>\n\t\t<meta name=\"twitter:creator\" content=\"@ComplyCube\" \/>\n\t\t<meta name=\"twitter:image\" content=\"https:\/\/www.complycube.com\/wp-content\/uploads\/2021\/10\/complycube-favicon.png\" \/>\n\t\t<script type=\"application\/ld+json\" class=\"aioseo-schema\">\n\t\t\t{\"@context\":\"https:\\\/\\\/schema.org\",\"@graph\":[{\"@type\":\"BreadcrumbList\",\"@id\":\"https:\\\/\\\/www.complycube.com\\\/it\\\/cookie-policy\\\/#breadcrumblist\",\"itemListElement\":[{\"@type\":\"ListItem\",\"@id\":\"https:\\\/\\\/www.complycube.com\\\/it\\\/#listItem\",\"position\":1,\"name\":\"Home\",\"item\":\"https:\\\/\\\/www.complycube.com\\\/it\\\/\",\"nextItem\":{\"@type\":\"ListItem\",\"@id\":\"https:\\\/\\\/www.complycube.com\\\/it\\\/cookie-policy\\\/#listItem\",\"name\":\"Cookie policy\"}},{\"@type\":\"ListItem\",\"@id\":\"https:\\\/\\\/www.complycube.com\\\/it\\\/cookie-policy\\\/#listItem\",\"position\":2,\"name\":\"Cookie policy\",\"previousItem\":{\"@type\":\"ListItem\",\"@id\":\"https:\\\/\\\/www.complycube.com\\\/it\\\/#listItem\",\"name\":\"Home\"}}]},{\"@type\":\"Organization\",\"@id\":\"https:\\\/\\\/www.complycube.com\\\/it\\\/#organization\",\"name\":\"ComplyCube\",\"description\":\"ComplyCube's API automates Identity Verification (IDV), Know Your Customer (KYC) & Anti-Money Laundering (AML) checks. Get started with our AML\\\/KYC API today\",\"url\":\"https:\\\/\\\/www.complycube.com\\\/it\\\/\",\"telephone\":\"+442032861575\",\"logo\":{\"@type\":\"ImageObject\",\"url\":\"https:\\\/\\\/www.complycube.com\\\/wp-content\\\/uploads\\\/2022\\\/09\\\/ComplyCube-Square-125-x-125.png\",\"@id\":\"https:\\\/\\\/www.complycube.com\\\/it\\\/cookie-policy\\\/#organizationLogo\",\"width\":125,\"height\":125,\"caption\":\"ComplyCube Square Logo\"},\"image\":{\"@id\":\"https:\\\/\\\/www.complycube.com\\\/it\\\/cookie-policy\\\/#organizationLogo\"},\"sameAs\":[\"https:\\\/\\\/www.facebook.com\\\/ComplyCube\",\"https:\\\/\\\/x.com\\\/ComplyCube\",\"https:\\\/\\\/www.instagram.com\\\/complycube\\\/\",\"https:\\\/\\\/www.youtube.com\\\/@complycube\",\"https:\\\/\\\/linkedin.com\\\/company\\\/ComplyCube\"],\"address\":{\"@id\":\"https:\\\/\\\/www.complycube.com\\\/it\\\/#postaladdress\",\"@type\":\"PostalAddress\",\"streetAddress\":\"30 Churchill Place, Canary Wharf\",\"postalCode\":\"E14 5RE\",\"addressLocality\":\"London\",\"addressCountry\":\"GB\"}},{\"@type\":\"WebPage\",\"@id\":\"https:\\\/\\\/www.complycube.com\\\/it\\\/cookie-policy\\\/#webpage\",\"url\":\"https:\\\/\\\/www.complycube.com\\\/it\\\/cookie-policy\\\/\",\"name\":\"ComplyCube's Cookie Policy: The Robust AML SAAS Company\",\"description\":\"Have you been wondering how we utilize the cookies we gather? They\\u2019re there to help us make the experience better for you. Read our cookie policy now!\",\"inLanguage\":\"it-IT\",\"isPartOf\":{\"@id\":\"https:\\\/\\\/www.complycube.com\\\/it\\\/#website\"},\"breadcrumb\":{\"@id\":\"https:\\\/\\\/www.complycube.com\\\/it\\\/cookie-policy\\\/#breadcrumblist\"},\"datePublished\":\"2021-10-27T12:12:49+00:00\",\"dateModified\":\"2022-10-14T13:36:38+00:00\"},{\"@type\":\"WebSite\",\"@id\":\"https:\\\/\\\/www.complycube.com\\\/it\\\/#website\",\"url\":\"https:\\\/\\\/www.complycube.com\\\/it\\\/\",\"name\":\"ComplyCube\",\"description\":\"ComplyCube's API automates Identity Verification (IDV), Know Your Customer (KYC) & Anti-Money Laundering (AML) checks. Get started with our AML\\\/KYC API today\",\"inLanguage\":\"it-IT\",\"publisher\":{\"@id\":\"https:\\\/\\\/www.complycube.com\\\/it\\\/#organization\"}}]}\n\t\t<\/script>\n\t\t<!-- All in One SEO Pro -->\r\n\t\t<title>ComplyCube's Cookie Policy: The Robust AML SAAS Company<\/title>\n\n","aioseo_head_json":{"title":"Cookie Policy di ComplyCube: The Robust AML SAAS Company","description":"Ti sei mai chiesto come utilizziamo i cookie che raccogliamo? Sono l\u00ec per aiutarci a rendere l&#039;esperienza migliore per te. Leggi ora la nostra cookie policy!","canonical_url":"https:\/\/www.complycube.com\/it\/cookie-policy\/","robots":"max-image-preview:large","keywords":"","webmasterTools":{"google-site-verification":"9nwsC3BxNQT0rN_dh5xNnCBQI6EVMaGEtvfky-IUUgQ","msvalidate.01":"6787C3F0846FBE039FCD4064ECED4F6A","miscellaneous":""},"schema":{"@context":"https:\/\/schema.org","@graph":[{"@type":"BreadcrumbList","@id":"https:\/\/www.complycube.com\/it\/cookie-policy\/#breadcrumblist","itemListElement":[{"@type":"ListItem","@id":"https:\/\/www.complycube.com\/it\/#listItem","position":1,"name":"Home","item":"https:\/\/www.complycube.com\/it\/","nextItem":{"@type":"ListItem","@id":"https:\/\/www.complycube.com\/it\/cookie-policy\/#listItem","name":"Cookie policy"}},{"@type":"ListItem","@id":"https:\/\/www.complycube.com\/it\/cookie-policy\/#listItem","position":2,"name":"Cookie policy","previousItem":{"@type":"ListItem","@id":"https:\/\/www.complycube.com\/it\/#listItem","name":"Home"}}]},{"@type":"Organization","@id":"https:\/\/www.complycube.com\/it\/#organization","name":"ComplyCube","description":"ComplyCube's API automates Identity Verification (IDV), Know Your Customer (KYC) & Anti-Money Laundering (AML) checks. Get started with our AML\/KYC API today","url":"https:\/\/www.complycube.com\/it\/","telephone":"+442032861575","logo":{"@type":"ImageObject","url":"https:\/\/www.complycube.com\/wp-content\/uploads\/2022\/09\/ComplyCube-Square-125-x-125.png","@id":"https:\/\/www.complycube.com\/it\/cookie-policy\/#organizationLogo","width":125,"height":125,"caption":"ComplyCube Square Logo"},"image":{"@id":"https:\/\/www.complycube.com\/it\/cookie-policy\/#organizationLogo"},"sameAs":["https:\/\/www.facebook.com\/ComplyCube","https:\/\/x.com\/ComplyCube","https:\/\/www.instagram.com\/complycube\/","https:\/\/www.youtube.com\/@complycube","https:\/\/linkedin.com\/company\/ComplyCube"],"address":{"@id":"https:\/\/www.complycube.com\/it\/#postaladdress","@type":"PostalAddress","streetAddress":"30 Churchill Place, Canary Wharf","postalCode":"E14 5RE","addressLocality":"London","addressCountry":"GB"}},{"@type":"WebPage","@id":"https:\/\/www.complycube.com\/it\/cookie-policy\/#webpage","url":"https:\/\/www.complycube.com\/it\/cookie-policy\/","name":"ComplyCube's Cookie Policy: The Robust AML SAAS Company","description":"Have you been wondering how we utilize the cookies we gather? They\u2019re there to help us make the experience better for you. Read our cookie policy now!","inLanguage":"it-IT","isPartOf":{"@id":"https:\/\/www.complycube.com\/it\/#website"},"breadcrumb":{"@id":"https:\/\/www.complycube.com\/it\/cookie-policy\/#breadcrumblist"},"datePublished":"2021-10-27T12:12:49+00:00","dateModified":"2022-10-14T13:36:38+00:00"},{"@type":"WebSite","@id":"https:\/\/www.complycube.com\/it\/#website","url":"https:\/\/www.complycube.com\/it\/","name":"ComplyCube","description":"ComplyCube's API automates Identity Verification (IDV), Know Your Customer (KYC) & Anti-Money Laundering (AML) checks. Get started with our AML\/KYC API today","inLanguage":"it-IT","publisher":{"@id":"https:\/\/www.complycube.com\/it\/#organization"}}]},"og:locale":"it_IT","og:site_name":"ComplyCube | ComplyCube's API automates Identity Verification (IDV), Know Your Customer (KYC) &amp; Anti-Money Laundering (AML) checks. Get started with our AML\/KYC API today","og:type":"article","og:title":"ComplyCube's Cookie Policy: The Robust AML SAAS Company","og:description":"Have you been wondering how we utilize the cookies we gather? They\u2019re there to help us make the experience better for you. Read our cookie policy now!","og:url":"https:\/\/www.complycube.com\/it\/cookie-policy\/","og:image":"https:\/\/www.complycube.com\/wp-content\/uploads\/2021\/10\/complycube-favicon.png","og:image:secure_url":"https:\/\/www.complycube.com\/wp-content\/uploads\/2021\/10\/complycube-favicon.png","og:image:width":512,"og:image:height":512,"article:published_time":"2021-10-27T12:12:49+00:00","article:modified_time":"2022-10-14T13:36:38+00:00","article:publisher":"https:\/\/www.facebook.com\/ComplyCube","twitter:card":"summary","twitter:site":"@ComplyCube","twitter:title":"ComplyCube's Cookie Policy: The Robust AML SAAS Company","twitter:description":"Have you been wondering how we utilize the cookies we gather? They\u2019re there to help us make the experience better for you. Read our cookie policy now!","twitter:creator":"@ComplyCube","twitter:image":"https:\/\/www.complycube.com\/wp-content\/uploads\/2021\/10\/complycube-favicon.png"},"aioseo_meta_data":{"post_id":"166","title":"Cookie Policy di ComplyCube: The Robust AML SAAS Company","description":"Ti sei mai chiesto come utilizziamo i cookie che raccogliamo? Sono l\u00ec per aiutarci a rendere l&#039;esperienza migliore per te. Leggi ora la nostra cookie policy!","keywords":[],"keyphrases":{"focus":{"keyphrase":"","score":0,"analysis":{"keyphraseInTitle":{"score":0,"maxScore":9,"error":1}}},"additional":[]},"primary_term":null,"canonical_url":null,"og_title":null,"og_description":null,"og_object_type":"default","og_image_type":"default","og_image_url":null,"og_image_width":null,"og_image_height":null,"og_image_custom_url":null,"og_image_custom_fields":null,"og_video":"","og_custom_url":null,"og_article_section":null,"og_article_tags":[],"twitter_use_og":false,"twitter_card":"default","twitter_image_type":"default","twitter_image_url":null,"twitter_image_custom_url":null,"twitter_image_custom_fields":null,"twitter_title":null,"twitter_description":null,"schema":{"blockGraphs":[],"customGraphs":[],"default":{"data":{"Article":[],"Course":[],"Dataset":[],"FAQPage":[],"Movie":[],"Person":[],"Product":[],"ProductReview":[],"Car":[],"Recipe":[],"Service":[],"SoftwareApplication":[],"WebPage":[]},"graphName":"WebPage","isEnabled":true},"graphs":[],"defaultGraph":"WebPage","defaultPostTypeGraph":""},"schema_type":"default","schema_type_options":"{\"article\":{\"articleType\":\"BlogPosting\"},\"course\":{\"name\":\"\",\"description\":\"\",\"provider\":\"\"},\"faq\":{\"pages\":[]},\"product\":{\"reviews\":[]},\"recipe\":{\"ingredients\":[],\"instructions\":[],\"keywords\":[]},\"software\":{\"reviews\":[],\"operatingSystems\":[]},\"webPage\":{\"webPageType\":\"WebPage\"}}","pillar_content":false,"robots_default":true,"robots_noindex":false,"robots_noarchive":false,"robots_nosnippet":false,"robots_nofollow":false,"robots_noimageindex":false,"robots_noodp":false,"robots_notranslate":false,"robots_max_snippet":"-1","robots_max_videopreview":"-1","robots_max_imagepreview":"large","priority":null,"frequency":"default","local_seo":null,"seo_analyzer_scan_date":"2025-10-08 21:59:37","breadcrumb_settings":null,"limit_modified_date":false,"reviewed_by":null,"open_ai":null,"ai":null,"created":"2021-10-27 12:12:49","updated":"2025-10-08 21:59:37"},"aioseo_breadcrumb":"<div class=\"aioseo-breadcrumbs\"><span class=\"aioseo-breadcrumb\">\n\t<a href=\"https:\/\/www.complycube.com\/it\/\" title=\"Home\">Home<\/a>\n<\/span><span class=\"aioseo-breadcrumb-separator\">&raquo;<\/span><span class=\"aioseo-breadcrumb\">\n\tCookie policy\n<\/span><\/div>","aioseo_breadcrumb_json":[{"label":"Home","link":"https:\/\/www.complycube.com\/it\/"},{"label":"Cookie policy","link":"https:\/\/www.complycube.com\/it\/cookie-policy\/"}],"_links":{"self":[{"href":"https:\/\/www.complycube.com\/it\/wp-json\/wp\/v2\/pages\/166","targetHints":{"allow":["GET"]}}],"collection":[{"href":"https:\/\/www.complycube.com\/it\/wp-json\/wp\/v2\/pages"}],"about":[{"href":"https:\/\/www.complycube.com\/it\/wp-json\/wp\/v2\/types\/page"}],"author":[{"embeddable":true,"href":"https:\/\/www.complycube.com\/it\/wp-json\/wp\/v2\/users\/1"}],"replies":[{"embeddable":true,"href":"https:\/\/www.complycube.com\/it\/wp-json\/wp\/v2\/comments?post=166"}],"version-history":[{"count":1,"href":"https:\/\/www.complycube.com\/it\/wp-json\/wp\/v2\/pages\/166\/revisions"}],"predecessor-version":[{"id":15112,"href":"https:\/\/www.complycube.com\/it\/wp-json\/wp\/v2\/pages\/166\/revisions\/15112"}],"wp:attachment":[{"href":"https:\/\/www.complycube.com\/it\/wp-json\/wp\/v2\/media?parent=166"}],"curies":[{"name":"scrivere","href":"https:\/\/api.w.org\/{rel}","templated":true}]}}