{"id":166,"date":"2021-10-27T12:12:49","date_gmt":"2021-10-27T12:12:49","guid":{"rendered":"http:\/\/new.complycube.io\/?page_id=166"},"modified":"2022-10-14T13:36:38","modified_gmt":"2022-10-14T13:36:38","slug":"politique-de-cookies","status":"publish","type":"page","link":"https:\/\/www.complycube.com\/fr\/cookie-policy\/","title":{"rendered":"Politique de cookies"},"content":{"rendered":"<h2>COMMENT NOUS UTILISONS LES COOKIES<\/h2>\n<ol type=\"1\">\n<li>Notre site (https:\/\/www.complycube.com) utilise des cookies pour vous distinguer des autres utilisateurs de notre site. Un cookie est un petit fichier qui demande la permission d&#039;\u00eatre plac\u00e9 sur le disque dur de votre ordinateur. Une fois que vous \u00eates d&#039;accord, le fichier est ajout\u00e9 et le cookie permet d&#039;analyser le trafic Web ou vous permet de savoir quand vous visitez un site particulier. Les cookies permettent aux applications Web de vous r\u00e9pondre en tant qu&#039;individu, offrant ainsi une bonne exp\u00e9rience tout en nous permettant d&#039;am\u00e9liorer notre site. L&#039;application Web peut adapter ses op\u00e9rations \u00e0 vos besoins, vos go\u00fbts et vos aversions en rassemblant et en m\u00e9morisant des informations sur vos pr\u00e9f\u00e9rences.<\/li>\n<li>Nous utilisons des cookies de journaux de trafic pour identifier les pages utilis\u00e9es. Cela nous aide \u00e0 analyser les donn\u00e9es sur le trafic des pages Web et \u00e0 am\u00e9liorer notre site Web afin de l&#039;adapter aux besoins des clients. Nous n&#039;utilisons ces informations qu&#039;\u00e0 des fins d&#039;analyse statistique, puis les donn\u00e9es sont supprim\u00e9es du syst\u00e8me.<\/li>\n<li>Dans l&#039;ensemble, les cookies nous aident \u00e0 vous offrir un meilleur site Web, en nous permettant de surveiller les pages que vous trouvez utiles et celles qui ne vous sont pas utiles. Un cookie ne nous donne en aucun cas acc\u00e8s \u00e0 votre ordinateur ou \u00e0 toute information vous concernant, autres que les donn\u00e9es que vous choisissez de partager avec nous. En acc\u00e9dant \u00e0 notre site, vous nous autorisez \u00e0 utiliser des cookies sur votre syst\u00e8me. La plupart des navigateurs Web acceptent automatiquement les cookies, mais vous pouvez g\u00e9n\u00e9ralement modifier les param\u00e8tres de votre navigateur pour refuser les cookies si vous pr\u00e9f\u00e9rez. Cela vous emp\u00eachera de profiter pleinement du site Web.<\/li>\n<\/ol>\n<h2>TYPES DE COOKIES<\/h2>\n<p class=\"legal\">Les cookies appartiennent \u00e0 l&#039;une des quatre cat\u00e9gories suivantes\u00a0:<\/p>\n<ul type=\"1\">\n<li>Strictement n\u00e9cessaires, n\u00e9cessaires au bon fonctionnement des fonctions essentielles du site.<\/li>\n<li>Cookies de performance, qui nous permettent d&#039;analyser l&#039;utilisation du site afin de l&#039;am\u00e9liorer. Ces cookies ne contiennent aucune information personnelle permettant d&#039;identifier un visiteur, et toutes les informations collect\u00e9es sont agr\u00e9g\u00e9es et donc anonymes. En utilisant notre site, vous acceptez que nous puissions placer ces types de cookies sur votre appareil.<\/li>\n<li>Fonctionnalit\u00e9 n\u00e9cessaire, qui permet au site Web de m\u00e9moriser les choix que vous faites, tels que le nom d&#039;utilisateur, la langue, etc. Ces cookies ne permettent pas \u00e0 ComplyCube de suivre votre activit\u00e9 de navigation sur d&#039;autres sites. Lorsque vous choisissez d&#039;autoriser votre navigateur \u00e0 m\u00e9moriser vos informations de connexion, vous acceptez que nous puissions placer ces types de cookies sur votre appareil.<\/li>\n<li>Ciblage n\u00e9cessaire, qui est utilis\u00e9 pour diffuser des publicit\u00e9s plus pertinentes pour l&#039;utilisateur et ses int\u00e9r\u00eats. Pour les utilisateurs connect\u00e9s, aucune publicit\u00e9 n&#039;est diffus\u00e9e, donc ces cookies ne s&#039;appliquent qu&#039;aux visiteurs d\u00e9connect\u00e9s.<\/li>\n<\/ul>\n<h2>CONTRLE DES COOKIES<\/h2>\n<p class=\"legal\">Vous pouvez bloquer les cookies en activant le param\u00e8tre de votre navigateur qui vous permet de refuser le param\u00e9trage de tout ou partie des cookies. Cependant, si vous utilisez les param\u00e8tres de votre navigateur pour bloquer tous les cookies (y compris les cookies essentiels), vous ne pourrez peut-\u00eatre pas acc\u00e9der \u00e0 tout ou partie de notre site.<\/p>","protected":false},"excerpt":{"rendered":"<p>HOW WE USE COOKIES Our site (https:\/\/www.complycube.com) uses cookies to distinguish you from other users of our site. A cookie is a small file which asks permission to be placed on your computer&#8217;s hard drive. Once you agree, the file is added and the cookie helps analyse web traffic or lets you know when you [&hellip;]<\/p>\n","protected":false},"author":1,"featured_media":0,"parent":0,"menu_order":11,"comment_status":"closed","ping_status":"closed","template":"","meta":{"_acf_changed":false,"content-type":"","inline_featured_image":false,"footnotes":""},"class_list":["post-166","page","type-page","status-publish","hentry"],"acf":[],"aioseo_notices":[],"_links":{"self":[{"href":"https:\/\/www.complycube.com\/fr\/wp-json\/wp\/v2\/pages\/166","targetHints":{"allow":["GET"]}}],"collection":[{"href":"https:\/\/www.complycube.com\/fr\/wp-json\/wp\/v2\/pages"}],"about":[{"href":"https:\/\/www.complycube.com\/fr\/wp-json\/wp\/v2\/types\/page"}],"author":[{"embeddable":true,"href":"https:\/\/www.complycube.com\/fr\/wp-json\/wp\/v2\/users\/1"}],"replies":[{"embeddable":true,"href":"https:\/\/www.complycube.com\/fr\/wp-json\/wp\/v2\/comments?post=166"}],"version-history":[{"count":1,"href":"https:\/\/www.complycube.com\/fr\/wp-json\/wp\/v2\/pages\/166\/revisions"}],"predecessor-version":[{"id":15112,"href":"https:\/\/www.complycube.com\/fr\/wp-json\/wp\/v2\/pages\/166\/revisions\/15112"}],"wp:attachment":[{"href":"https:\/\/www.complycube.com\/fr\/wp-json\/wp\/v2\/media?parent=166"}],"curies":[{"name":"wp","href":"https:\/\/api.w.org\/{rel}","templated":true}]}}