{"id":30496,"date":"2025-12-22T16:43:30","date_gmt":"2025-12-22T16:43:30","guid":{"rendered":"https:\/\/www.complycube.com\/?page_id=30496"},"modified":"2025-12-22T16:43:35","modified_gmt":"2025-12-22T16:43:35","slug":"inteligencia-de-fraude","status":"publish","type":"page","link":"https:\/\/www.complycube.com\/es\/solutions\/fraud-intelligence\/","title":{"rendered":"Inteligencia sobre fraudes"},"content":{"rendered":"<div data-elementor-type=\"wp-page\" data-elementor-id=\"30496\" class=\"elementor elementor-30496\" data-elementor-post-type=\"page\">\n\t\t\t\t\t\t<section class=\"elementor-section elementor-top-section elementor-element elementor-element-536fe557 elementor-section-boxed elementor-section-height-default elementor-section-height-default\" data-id=\"536fe557\" data-element_type=\"section\" data-e-type=\"section\" data-settings=\"{&quot;background_background&quot;:&quot;classic&quot;}\">\n\t\t\t\t\t\t<div class=\"elementor-container elementor-column-gap-default\">\n\t\t\t\t\t<div class=\"elementor-column elementor-col-100 elementor-top-column elementor-element elementor-element-3264d1ca\" data-id=\"3264d1ca\" data-element_type=\"column\" data-e-type=\"column\">\n\t\t\t<div class=\"elementor-widget-wrap elementor-element-populated\">\n\t\t\t\t\t\t<div class=\"elementor-element elementor-element-3ed6b140 elementor-widget elementor-widget-heading\" data-id=\"3ed6b140\" data-element_type=\"widget\" data-e-type=\"widget\" data-widget_type=\"heading.default\">\n\t\t\t\t<div class=\"elementor-widget-container\">\n\t\t\t\t\t<h1 class=\"elementor-heading-title elementor-size-default\">Inteligencia sobre fraudes<\/h1>\t\t\t\t<\/div>\n\t\t\t\t<\/div>\n\t\t\t\t<div class=\"elementor-element elementor-element-6d1e0b99 elementor-widget elementor-widget-text-editor\" data-id=\"6d1e0b99\" data-element_type=\"widget\" data-e-type=\"widget\" data-widget_type=\"text-editor.default\">\n\t\t\t\t<div class=\"elementor-widget-container\">\n\t\t\t\t\t\t\t\t\t<p>Consiga una prevenci\u00f3n del fraude global m\u00e1s s\u00f3lida y en tiempo real con nuestra suite de inteligencia contra el fraude impulsada por IA.<\/p>\t\t\t\t\t\t\t\t<\/div>\n\t\t\t\t<\/div>\n\t\t\t\t\t<\/div>\n\t\t<\/div>\n\t\t\t\t\t<\/div>\n\t\t<\/section>\n\t\t\t\t<div class=\"elementor-section elementor-top-section elementor-element elementor-element-5fb28426 elementor-section-boxed elementor-section-height-default elementor-section-height-default\" data-id=\"5fb28426\" data-element_type=\"section\" data-e-type=\"section\">\n\t\t\t\t\t\t<div class=\"elementor-container elementor-column-gap-default\">\n\t\t\t\t\t<div class=\"elementor-column elementor-col-50 elementor-top-column elementor-element elementor-element-1d6ca56\" data-id=\"1d6ca56\" data-element_type=\"column\" data-e-type=\"column\">\n\t\t\t<div class=\"elementor-widget-wrap elementor-element-populated\">\n\t\t\t\t\t\t<div class=\"elementor-element elementor-element-3834cf5a elementor-widget elementor-widget-heading\" data-id=\"3834cf5a\" data-element_type=\"widget\" data-e-type=\"widget\" data-widget_type=\"heading.default\">\n\t\t\t\t<div class=\"elementor-widget-container\">\n\t\t\t\t\t<h2 class=\"elementor-heading-title elementor-size-default\">Prevenci\u00f3n del fraude<\/h2>\t\t\t\t<\/div>\n\t\t\t\t<\/div>\n\t\t\t\t<div class=\"elementor-element elementor-element-216a5e44 elementor-widget elementor-widget-text-editor\" data-id=\"216a5e44\" data-element_type=\"widget\" data-e-type=\"widget\" data-widget_type=\"text-editor.default\">\n\t\t\t\t<div class=\"elementor-widget-container\">\n\t\t\t\t\t\t\t\t\t<p>Nuestra suite inteligente de prevenci\u00f3n de fraude ofrece se\u00f1ales de riesgo s\u00f3lidas para identificar y bloquear amenazas de fraude sofisticadas en el punto de entrada.<\/p>\t\t\t\t\t\t\t\t<\/div>\n\t\t\t\t<\/div>\n\t\t\t\t\t<\/div>\n\t\t<\/div>\n\t\t\t\t<div class=\"elementor-column elementor-col-50 elementor-top-column elementor-element elementor-element-55bb0658\" data-id=\"55bb0658\" data-element_type=\"column\" data-e-type=\"column\">\n\t\t\t<div class=\"elementor-widget-wrap elementor-element-populated\">\n\t\t\t\t\t\t<section class=\"elementor-section elementor-inner-section elementor-element elementor-element-6d36abc9 elementor-section-boxed elementor-section-height-default elementor-section-height-default\" data-id=\"6d36abc9\" data-element_type=\"section\" data-e-type=\"section\">\n\t\t\t\t\t\t<div class=\"elementor-container elementor-column-gap-default\">\n\t\t\t\t\t<section class=\"make-column-clickable-elementor elementor-column elementor-col-50 elementor-inner-column elementor-element elementor-element-e867b57\" style=\"cursor: pointer;\" data-column-clickable=\"https:\/\/www.complycube.com\/solutions\/fraud-intelligence\/device-intelligence\" data-column-clickable-blank=\"_self\" data-id=\"e867b57\" data-element_type=\"column\" data-e-type=\"column\" data-settings=\"{&quot;background_background&quot;:&quot;classic&quot;}\">\n\t\t\t<div class=\"elementor-widget-wrap elementor-element-populated\">\n\t\t\t\t\t\t<div class=\"elementor-element elementor-element-21819fd elementor-widget__width-auto elementor-widget elementor-widget-image\" data-id=\"21819fd\" data-element_type=\"widget\" data-e-type=\"widget\" data-widget_type=\"image.default\">\n\t\t\t\t<div class=\"elementor-widget-container\">\n\t\t\t\t\t\t\t\t\t\t\t\t\t\t\t<img decoding=\"async\" width=\"150\" height=\"150\" src=\"https:\/\/www.complycube.com\/wp-content\/uploads\/2022\/03\/icon-account-opening.svg\" class=\"attachment-thumbnail size-thumbnail wp-image-5337\" alt=\"Icono que muestra la apertura de una cuenta en una computadora port\u00e1til\" title=\"Apertura de cuenta Icon | Complycube\" \/>\t\t\t\t\t\t\t\t\t\t\t\t\t\t\t<\/div>\n\t\t\t\t<\/div>\n\t\t\t\t<div class=\"elementor-element elementor-element-7c8cbdf elementor-widget elementor-widget-heading\" data-id=\"7c8cbdf\" data-element_type=\"widget\" data-e-type=\"widget\" data-widget_type=\"heading.default\">\n\t\t\t\t<div class=\"elementor-widget-container\">\n\t\t\t\t\t<h3 class=\"elementor-heading-title elementor-size-default\">Inteligencia del dispositivo<\/h3>\t\t\t\t<\/div>\n\t\t\t\t<\/div>\n\t\t\t\t<div class=\"elementor-element elementor-element-ba50fb1 elementor-widget elementor-widget-text-editor\" data-id=\"ba50fb1\" data-element_type=\"widget\" data-e-type=\"widget\" data-widget_type=\"text-editor.default\">\n\t\t\t\t<div class=\"elementor-widget-container\">\n\t\t\t\t\t\t\t\t\t<p>Eval\u00fae an\u00e1lisis de riesgos s\u00f3lidos, como se\u00f1ales de red y de comportamiento en tiempo real, para detectar sesiones de alto riesgo y bloquear actividades fraudulentas.<\/p>\t\t\t\t\t\t\t\t<\/div>\n\t\t\t\t<\/div>\n\t\t\t\t<div class=\"elementor-element elementor-element-0ec3032 arrow-link elementor-widget__width-inherit elementor-widget elementor-widget-text-editor\" data-id=\"0ec3032\" data-element_type=\"widget\" data-e-type=\"widget\" data-widget_type=\"text-editor.default\">\n\t\t\t\t<div class=\"elementor-widget-container\">\n\t\t\t\t\t\t\t\t\t<p class=\"p1\"><a href=\"https:\/\/www.complycube.com\/es\/soluciones\/inteligencia-de-fraude\/inteligencia-del-dispositivo\/\">Ver soluci\u00f3n<\/a><\/p>\t\t\t\t\t\t\t\t<\/div>\n\t\t\t\t<\/div>\n\t\t\t\t\t<\/div>\n\t\t<\/section>\n\t\t\t\t<section class=\"make-column-clickable-elementor elementor-column elementor-col-50 elementor-inner-column elementor-element elementor-element-354972c\" style=\"cursor: pointer;\" data-column-clickable=\"https:\/\/www.complycube.com\/solutions\/fraud-intelligence\/phone-intelligence-verify-phone-number\" data-column-clickable-blank=\"_self\" data-id=\"354972c\" data-element_type=\"column\" data-e-type=\"column\" data-settings=\"{&quot;background_background&quot;:&quot;classic&quot;}\">\n\t\t\t<div class=\"elementor-widget-wrap elementor-element-populated\">\n\t\t\t\t\t\t<div class=\"elementor-element elementor-element-a8e1f57 elementor-widget__width-auto elementor-widget elementor-widget-image\" data-id=\"a8e1f57\" data-element_type=\"widget\" data-e-type=\"widget\" data-widget_type=\"image.default\">\n\t\t\t\t<div class=\"elementor-widget-container\">\n\t\t\t\t\t\t\t\t\t\t\t\t\t\t\t<img decoding=\"async\" width=\"150\" height=\"150\" src=\"https:\/\/www.complycube.com\/wp-content\/uploads\/2024\/12\/icon-telecoms.svg\" class=\"attachment-thumbnail size-thumbnail wp-image-22762\" alt=\"Icono de telecomunicaciones en blanco y negro\" title=\"Icono de telecomunicaciones SVG | Complycube\" \/>\t\t\t\t\t\t\t\t\t\t\t\t\t\t\t<\/div>\n\t\t\t\t<\/div>\n\t\t\t\t<div class=\"elementor-element elementor-element-1123df0 elementor-widget elementor-widget-heading\" data-id=\"1123df0\" data-element_type=\"widget\" data-e-type=\"widget\" data-widget_type=\"heading.default\">\n\t\t\t\t<div class=\"elementor-widget-container\">\n\t\t\t\t\t<h3 class=\"elementor-heading-title elementor-size-default\">Inteligencia del tel\u00e9fono<\/h3>\t\t\t\t<\/div>\n\t\t\t\t<\/div>\n\t\t\t\t<div class=\"elementor-element elementor-element-c59ca2d elementor-widget elementor-widget-text-editor\" data-id=\"c59ca2d\" data-element_type=\"widget\" data-e-type=\"widget\" data-widget_type=\"text-editor.default\">\n\t\t\t\t<div class=\"elementor-widget-container\">\n\t\t\t\t\t\t\t\t\t<p>Analice los indicadores del n\u00famero de tel\u00e9fono, como el operador, el tipo de l\u00ednea y el abuso reciente, para bloquear n\u00fameros riesgosos en el punto de entrada.<\/p>\t\t\t\t\t\t\t\t<\/div>\n\t\t\t\t<\/div>\n\t\t\t\t<div class=\"elementor-element elementor-element-0b6b25a arrow-link elementor-widget__width-inherit elementor-widget elementor-widget-text-editor\" data-id=\"0b6b25a\" data-element_type=\"widget\" data-e-type=\"widget\" data-widget_type=\"text-editor.default\">\n\t\t\t\t<div class=\"elementor-widget-container\">\n\t\t\t\t\t\t\t\t\t<p class=\"p1\"><a href=\"https:\/\/www.complycube.com\/es\/soluciones\/inteligencia-de-fraude\/inteligencia-telefonica-verificar-numero-de-telefono\/\">Ver soluci\u00f3n<\/a><\/p>\t\t\t\t\t\t\t\t<\/div>\n\t\t\t\t<\/div>\n\t\t\t\t\t<\/div>\n\t\t<\/section>\n\t\t\t\t\t<\/div>\n\t\t<\/section>\n\t\t\t\t<section class=\"elementor-section elementor-inner-section elementor-element elementor-element-9ca94d7 elementor-section-boxed elementor-section-height-default elementor-section-height-default\" data-id=\"9ca94d7\" data-element_type=\"section\" data-e-type=\"section\">\n\t\t\t\t\t\t<div class=\"elementor-container elementor-column-gap-default\">\n\t\t\t\t\t<section class=\"make-column-clickable-elementor elementor-column elementor-col-50 elementor-inner-column elementor-element elementor-element-6a43ac2\" style=\"cursor: pointer;\" data-column-clickable=\"https:\/\/www.complycube.com\/solutions\/fraud-intelligence\/email-risk-score\" data-column-clickable-blank=\"_self\" data-id=\"6a43ac2\" data-element_type=\"column\" data-e-type=\"column\" data-settings=\"{&quot;background_background&quot;:&quot;classic&quot;}\">\n\t\t\t<div class=\"elementor-widget-wrap elementor-element-populated\">\n\t\t\t\t\t\t<div class=\"elementor-element elementor-element-8b8343d elementor-widget__width-auto elementor-widget elementor-widget-image\" data-id=\"8b8343d\" data-element_type=\"widget\" data-e-type=\"widget\" data-widget_type=\"image.default\">\n\t\t\t\t<div class=\"elementor-widget-container\">\n\t\t\t\t\t\t\t\t\t\t\t\t\t\t\t<img decoding=\"async\" width=\"150\" height=\"150\" src=\"https:\/\/www.complycube.com\/wp-content\/uploads\/2022\/03\/icon-contact.svg\" class=\"attachment-thumbnail size-thumbnail wp-image-5397\" alt=\"Icono de un sobre\" title=\"Icono de contacto | Complycube\" \/>\t\t\t\t\t\t\t\t\t\t\t\t\t\t\t<\/div>\n\t\t\t\t<\/div>\n\t\t\t\t<div class=\"elementor-element elementor-element-338da27 elementor-widget elementor-widget-heading\" data-id=\"338da27\" data-element_type=\"widget\" data-e-type=\"widget\" data-widget_type=\"heading.default\">\n\t\t\t\t<div class=\"elementor-widget-container\">\n\t\t\t\t\t<h3 class=\"elementor-heading-title elementor-size-default\">Inteligencia de correo electr\u00f3nico<\/h3>\t\t\t\t<\/div>\n\t\t\t\t<\/div>\n\t\t\t\t<div class=\"elementor-element elementor-element-822619b elementor-widget elementor-widget-text-editor\" data-id=\"822619b\" data-element_type=\"widget\" data-e-type=\"widget\" data-widget_type=\"text-editor.default\">\n\t\t\t\t<div class=\"elementor-widget-container\">\n\t\t\t\t\t\t\t\t\t<p>Eval\u00fae la antig\u00fcedad del correo electr\u00f3nico, el dominio y las se\u00f1ales de riesgo para distinguir a los usuarios confiables de las direcciones de correo electr\u00f3nico desechables o de alto riesgo.<\/p>\t\t\t\t\t\t\t\t<\/div>\n\t\t\t\t<\/div>\n\t\t\t\t<div class=\"elementor-element elementor-element-308ef05 arrow-link elementor-widget__width-inherit elementor-widget elementor-widget-text-editor\" data-id=\"308ef05\" data-element_type=\"widget\" data-e-type=\"widget\" data-widget_type=\"text-editor.default\">\n\t\t\t\t<div class=\"elementor-widget-container\">\n\t\t\t\t\t\t\t\t\t<p class=\"p1\"><a href=\"https:\/\/www.complycube.com\/es\/soluciones\/inteligencia-de-fraude\/puntuacion-de-riesgo-del-correo-electronico-2\/\">Ver soluci\u00f3n<\/a><\/p>\t\t\t\t\t\t\t\t<\/div>\n\t\t\t\t<\/div>\n\t\t\t\t\t<\/div>\n\t\t<\/section>\n\t\t\t\t<section class=\"make-column-clickable-elementor elementor-column elementor-col-50 elementor-inner-column elementor-element elementor-element-a9a632c\" style=\"cursor: pointer;\" data-column-clickable=\"https:\/\/www.complycube.com\/solutions\/identity-assurance\/biometric-verification\/\" data-column-clickable-blank=\"_self\" data-id=\"a9a632c\" data-element_type=\"column\" data-e-type=\"column\" data-settings=\"{&quot;background_background&quot;:&quot;classic&quot;}\">\n\t\t\t<div class=\"elementor-widget-wrap\">\n\t\t\t\t\t\t\t<\/div>\n\t\t<\/section>\n\t\t\t\t\t<\/div>\n\t\t<\/section>\n\t\t\t\t\t<\/div>\n\t\t<\/div>\n\t\t\t\t\t<\/div>\n\t\t<\/div>\n\t\t\t\t<div class=\"elementor-section elementor-top-section elementor-element elementor-element-5dbbf709 elementor-section-full_width elementor-section-height-default elementor-section-height-default\" data-id=\"5dbbf709\" data-element_type=\"section\" data-e-type=\"section\">\n\t\t\t\t\t\t<div class=\"elementor-container elementor-column-gap-default\">\n\t\t\t\t\t<div class=\"elementor-column elementor-col-100 elementor-top-column elementor-element elementor-element-704711ff\" data-id=\"704711ff\" data-element_type=\"column\" data-e-type=\"column\">\n\t\t\t<div class=\"elementor-widget-wrap elementor-element-populated\">\n\t\t\t\t\t\t<div class=\"elementor-element elementor-element-a8488ba elementor-widget elementor-widget-spacer\" data-id=\"a8488ba\" data-element_type=\"widget\" data-e-type=\"widget\" data-widget_type=\"spacer.default\">\n\t\t\t\t<div class=\"elementor-widget-container\">\n\t\t\t\t\t\t\t<div class=\"elementor-spacer\">\n\t\t\t<div class=\"elementor-spacer-inner\"><\/div>\n\t\t<\/div>\n\t\t\t\t\t\t<\/div>\n\t\t\t\t<\/div>\n\t\t\t\t\t<\/div>\n\t\t<\/div>\n\t\t\t\t\t<\/div>\n\t\t<\/div>\n\t\t\t\t<\/div>","protected":false},"excerpt":{"rendered":"<p>Fraud intelligence Achieve stronger, real-time global fraud prevention with our AI-powered fraud intelligence suite. Fraud prevention Our intelligent fraud prevention suite offers robust risk signals to identify and block sophisticated fraud threats at the point of entry. Device intelligence Assess robust risk analysis, such as behavioral and network signals in real-time, to detect high-risk sessions [&hellip;]<\/p>\n","protected":false},"author":27,"featured_media":0,"parent":9,"menu_order":2,"comment_status":"closed","ping_status":"closed","template":"elementor_header_footer","meta":{"_acf_changed":false,"content-type":"","inline_featured_image":false,"footnotes":""},"class_list":["post-30496","page","type-page","status-publish","hentry"],"acf":[],"aioseo_notices":[],"_links":{"self":[{"href":"https:\/\/www.complycube.com\/es\/wp-json\/wp\/v2\/pages\/30496","targetHints":{"allow":["GET"]}}],"collection":[{"href":"https:\/\/www.complycube.com\/es\/wp-json\/wp\/v2\/pages"}],"about":[{"href":"https:\/\/www.complycube.com\/es\/wp-json\/wp\/v2\/types\/page"}],"author":[{"embeddable":true,"href":"https:\/\/www.complycube.com\/es\/wp-json\/wp\/v2\/users\/27"}],"replies":[{"embeddable":true,"href":"https:\/\/www.complycube.com\/es\/wp-json\/wp\/v2\/comments?post=30496"}],"version-history":[{"count":19,"href":"https:\/\/www.complycube.com\/es\/wp-json\/wp\/v2\/pages\/30496\/revisions"}],"predecessor-version":[{"id":30692,"href":"https:\/\/www.complycube.com\/es\/wp-json\/wp\/v2\/pages\/30496\/revisions\/30692"}],"up":[{"embeddable":true,"href":"https:\/\/www.complycube.com\/es\/wp-json\/wp\/v2\/pages\/9"}],"wp:attachment":[{"href":"https:\/\/www.complycube.com\/es\/wp-json\/wp\/v2\/media?parent=30496"}],"curies":[{"name":"Gracias","href":"https:\/\/api.w.org\/{rel}","templated":true}]}}