{"id":168,"date":"2021-10-27T12:13:16","date_gmt":"2021-10-27T12:13:16","guid":{"rendered":"http:\/\/new.complycube.io\/?page_id=168"},"modified":"2023-12-06T10:09:47","modified_gmt":"2023-12-06T10:09:47","slug":"condiciones-del-servicio","status":"publish","type":"page","link":"https:\/\/www.complycube.com\/es\/terms-of-service\/","title":{"rendered":"T\u00e9rminos de servicio"},"content":{"rendered":"<div data-elementor-type=\"wp-page\" data-elementor-id=\"168\" class=\"elementor elementor-168\" data-elementor-post-type=\"page\">\n\t\t\t\t<div class=\"elementor-element elementor-element-47723b6c e-dte-flex e-flex e-con-boxed e-con e-parent\" data-id=\"47723b6c\" data-element_type=\"container\" data-e-type=\"container\" data-settings=\"{&quot;dte_container_type&quot;:&quot;flex&quot;}\">\n\t\t\t\t\t<div class=\"e-con-inner\">\n\t\t\t\t<div class=\"elementor-element elementor-element-f473d9d elementor-widget elementor-widget-text-editor\" data-id=\"f473d9d\" data-element_type=\"widget\" data-e-type=\"widget\" data-widget_type=\"text-editor.default\">\n\t\t\t\t<div class=\"elementor-widget-container\">\n\t\t\t\t\t\t\t\t\t<h2>INFORMACI\u00d3N GENERAL<\/h2>\n<p>ComplyCube ha desarrollado servicios (los &quot;Servicios&quot;), que incluyen, entre otros: (a) ciertos servicios de datos y software; (b) el sitio web de ComplyCube en: <a href=\"https:\/\/www.complycube.com\/es\/\">https:\/\/www.complycube.com\/<\/a>, interfaz de usuario y documentaci\u00f3n, as\u00ed como cualquier correcci\u00f3n de programaci\u00f3n, modificaciones, mejoras, mejoras, actualizaciones, adiciones, trabajos derivados y material relacionado (el &quot;Sitio web&quot;); y (c) datos, incluidos, entre otros, datos de terceros, que est\u00e1n disponibles a trav\u00e9s del sitio web (los &quot;Datos&quot;).<\/p>\n<p>Las pol\u00edticas de privacidad y cookies de ComplyCube, que se actualizan de vez en cuando, establecen los t\u00e9rminos en los que ComplyCube utiliza cookies y procesa cualquier dato personal que recopile de usted o que usted proporcione a ComplyCube.<\/p>\n<p>Estos T\u00e9rminos junto con las Pol\u00edticas de Privacidad y Cookies son el &quot;Acuerdo&quot;.<\/p>\n<p>Al acceder o utilizar los Servicios, usted reconoce y acepta regirse por el Acuerdo. Si no est\u00e1 de acuerdo con el Acuerdo, no debe utilizar ni acceder a los Servicios.<\/p>\n<h2>DEFINICIONES E INTERPRETACI\u00d3N<\/h2>\n<ol type=\"1\">\n<li>Cuenta: significa colectivamente la informaci\u00f3n personal, la informaci\u00f3n de pago y las credenciales utilizadas por los usuarios para acceder al contenido pagado y \/ o cualquier sistema de comunicaciones en el sitio web.<\/li>\n<li>Contenido: significa cualquier texto, gr\u00e1ficos, im\u00e1genes, audio, video, software, compilaciones de datos y cualquier otra forma de informaci\u00f3n que se pueda almacenar en una computadora que aparezca o forme parte de este sitio web;<\/li>\n<li>Bienes: significa cualquier producto que ComplyCube anuncia y \/ o pone a la venta a trav\u00e9s de este sitio web.<\/li>\n<li>Servicio: significa colectivamente cualquier instalaci\u00f3n, herramienta, servicio o informaci\u00f3n en l\u00ednea que ponemos a disposici\u00f3n a trav\u00e9s del sitio web, ya sea ahora o en el futuro.<\/li>\n<li>Informaci\u00f3n de pago: significa cualquier detalle requerido para la compra de Productos de este sitio web. Esto incluye, entre otros, n\u00fameros de tarjetas de cr\u00e9dito \/ d\u00e9bito, n\u00fameros de cuentas bancarias y c\u00f3digos de clasificaci\u00f3n;<\/li>\n<li>Locales: significa Nuestros establecimientos comerciales ubicados en Crown House, 27 Old Gloucester Street, Londres, Reino Unido, WC1N 3AX;<\/li>\n<li>Sistema: significa cualquier infraestructura de comunicaciones en l\u00ednea que ponemos a disposici\u00f3n a trav\u00e9s del sitio web ya sea ahora o en el futuro. Esto incluye, entre otros, correo electr\u00f3nico basado en la web, foros de mensajes, servicios de chat en vivo y enlaces de correo electr\u00f3nico;<\/li>\n<li>Usuario \/ Usuarios: significa cualquier tercero que accede al sitio web y no es empleado de nosotros y act\u00faa en el curso de su empleo;<\/li>\n<li>Sitio web: hace referencia al sitio web que est\u00e1 utilizando actualmente www.complycube.com<\/li>\n<li>Nosotros \/ Nuestro \/ Nuestro: significa ComplyCube, una empresa registrada en Inglaterra y Gales, cuyo domicilio social se encuentra en Crown House, 27 Old Gloucester Street, Londres.<\/li>\n<\/ol>\n<h2>PROPIEDAD INTELECTUAL<\/h2>\n<p>A menos que se indique expresamente lo contrario, todos los derechos de propiedad intelectual, incluidos, entre otros, \u00a9 y las marcas comerciales, en las im\u00e1genes y descripciones de los productos pertenecen a los fabricantes o distribuidores de dichos productos, seg\u00fan corresponda.<\/p>\n<p>Sujeto al uso justo de la propiedad intelectual, no puede reproducir, copiar, distribuir, almacenar o de cualquier otra manera reutilizar dicho material a menos que se indique lo contrario en el sitio web o a menos que el fabricante o proveedor correspondiente otorgue un permiso expreso por escrito para hacerlo.<\/p>\n<h2>PROPIEDAD INTELECTUAL DE TERCEROS<\/h2>\n<p>El material del sitio web puede ser reutilizado sin permiso por escrito cuando se aplique cualquiera de las excepciones detalladas en el Cap\u00edtulo III de la Ley de Patentes y Dise\u00f1os \u00a9 de 1988.<\/p>\n<h2>USO JUSTO DE LA PROPIEDAD INTELECTUAL<\/h2>\n<p>El material del sitio web puede ser reutilizado sin permiso por escrito cuando se aplique cualquiera de las excepciones detalladas en el Cap\u00edtulo III de la Ley de Patentes y Dise\u00f1os \u00a9 de 1988.<\/p>\n<h2>ENLACES A OTROS SITIOS WEB<\/h2>\n<p>Este sitio web puede contener enlaces a otros sitios. A menos que se indique expresamente, estos sitios no est\u00e1n bajo el control de ComplyCube o de Nuestros afiliados. No asumimos ninguna responsabilidad por el contenido de dichos sitios web y declinamos toda responsabilidad por cualquier forma de p\u00e9rdida o da\u00f1o que surja del uso de ellos. La inclusi\u00f3n de un enlace a otro sitio en este sitio web no implica ning\u00fan respaldo de los sitios en s\u00ed ni de quienes los controlan.<\/p>\n<h2>USO DE LAS INSTALACIONES DE COMUNICACIONES<\/h2>\n<p>Cuando utilice el sistema en el sitio web, debe hacerlo de acuerdo con las siguientes reglas. El incumplimiento de estas reglas puede resultar en la suspensi\u00f3n o el cierre de su Cuenta:<\/p>\n<ol type=\"1\">\n<li>No debe usar lenguaje obsceno o vulgar;<\/li>\n<li>No debe enviar Contenido que sea ilegal u objetable de otro modo. Esto incluye, pero no se limita a, Contenido abusivo, amenazante, acosador, difamatorio, discriminatorio, sexista o racista;<\/li>\n<li>No debe enviar Contenido destinado a promover o incitar a la violencia;<\/li>\n<li>Se recomienda que las presentaciones se realicen en ingl\u00e9s, ya que es posible que no podamos responder a las consultas enviadas en otros idiomas;<\/li>\n<li>Los medios por los que se identifica no deben violar estos T\u00e9rminos y condiciones ni ninguna ley aplicable;<\/li>\n<li>No debe hacerse pasar por otras personas, en particular empleados y representantes de ComplyCube o Nuestras afiliadas;<\/li>\n<li>No debe utilizar Nuestro Sistema para comunicaciones masivas no autorizadas como &quot;spam&quot; o &quot;correo basura&quot;;<\/li>\n<li>Usted reconoce que nos reservamos el derecho de monitorear todas y cada una de las comunicaciones que nos env\u00eden o que usen nuestro sistema;<\/li>\n<li>Usted reconoce que podemos retener copias de todas y cada una de las comunicaciones que nos env\u00eden o que utilicen nuestro sistema.<\/li>\n<li>Usted reconoce que cualquier informaci\u00f3n que nos env\u00ede a trav\u00e9s de Nuestro Sistema puede ser modificada por Nosotros de cualquier manera y por la presente renuncia a su derecho moral a ser identificado como el autor de dicha informaci\u00f3n. Cualquier restricci\u00f3n que desee imponer a Nuestro uso de dicha informaci\u00f3n debe sernos comunicada por escrito, con anticipaci\u00f3n y nos reservamos el derecho de rechazar dichos t\u00e9rminos y la informaci\u00f3n asociada.<\/li>\n<\/ol>\n<h2>INTIMIDAD<\/h2>\n<p>El uso del sitio web tambi\u00e9n se rige por nuestra pol\u00edtica de privacidad, que se incorpora a estos T\u00e9rminos y condiciones mediante esta referencia. Para ver la Pol\u00edtica de privacidad y cookies, haga clic en el enlace de arriba. El sitio web utiliza las siguientes cookies. Estas cookies se utilizan para los fines descritos en este documento. Al aceptar estos T\u00e9rminos y condiciones, est\u00e1 dando su consentimiento a ComplyCube para colocar cookies en su computadora o dispositivo. Lea la informaci\u00f3n contenida en la Pol\u00edtica de privacidad y cookies antes de aceptar. Cookies estrictamente necesarias. Estas son cookies necesarias para el funcionamiento de nuestro sitio web. Incluyen, por ejemplo, cookies que le permiten iniciar sesi\u00f3n en \u00e1reas seguras de cada uno de nuestros sitios web para utilizar nuestros servicios. Cookies anal\u00edticas \/ de rendimiento. Nos permiten reconocer y contar la cantidad de visitantes y ver c\u00f3mo los visitantes se mueven por Nuestro sitio web cuando lo utilizan. Esto nos ayuda a mejorar la forma en que funciona Nuestro sitio web, por ejemplo, garantizando que los usuarios encuentren lo que buscan f\u00e1cilmente. Cookies de funcionalidad. Estos se utilizan para reconocerlo cuando regresa a cualquiera de Nuestros sitios web. Esto nos permite personalizar nuestro contenido para usted, saludarlo por su nombre y recordar sus preferencias (por ejemplo, su elecci\u00f3n de idioma o regi\u00f3n). Orientaci\u00f3n a las cookies. Estas cookies registran su visita a cada uno de Nuestros sitios web, las p\u00e1ginas que ha visitado y los enlaces que ha seguido. Usaremos esta informaci\u00f3n para hacer que Nuestro sitio web sea m\u00e1s relevante para sus intereses. Si desea excluirse de nuestra colocaci\u00f3n de cookies en su computadora o dispositivo, ajuste la configuraci\u00f3n de su navegador de Internet para restringir las cookies como se detalla en el men\u00fa de ayuda de su navegador de Internet. Tambi\u00e9n es posible que desee eliminar las cookies que ya se han colocado. Para obtener instrucciones sobre c\u00f3mo hacer esto, consulte el men\u00fa de ayuda de su navegador de Internet.<\/p>\n<h2>C\u00d3MO UTILIZAMOS SU INFORMACI\u00d3N PERSONAL (PROTECCI\u00d3N DE DATOS)<\/h2>\n<p>Toda la informaci\u00f3n personal que podamos recopilar (incluidos, entre otros, su nombre y direcci\u00f3n) se recopilar\u00e1, usar\u00e1 y mantendr\u00e1 de acuerdo con las disposiciones de la Ley de Protecci\u00f3n de Datos de 1998 y sus derechos en virtud de eso para operar los Servicios y Sitio, la Compa\u00f1\u00eda puede recopilar informaci\u00f3n de identificaci\u00f3n personal de los usuarios en una variedad de formas. La informaci\u00f3n de identificaci\u00f3n personal puede incluir, sin limitaci\u00f3n: (i) datos de contacto; o (ii) otra informaci\u00f3n solicitada por la Compa\u00f1\u00eda. Si se comunica con la Compa\u00f1\u00eda por correo electr\u00f3nico o de otro modo, transmite informaci\u00f3n al Sitio, proporciona informaci\u00f3n fuera del proceso de registro de la cuenta, o interact\u00faa o usa las funciones del Sitio, cualquier informaci\u00f3n que proporcione puede ser recopilada por la Compa\u00f1\u00eda. . La Compa\u00f1\u00eda recopila informaci\u00f3n de identificaci\u00f3n personal que tanto las personas como las entidades eligen proporcionarnos, seg\u00fan lo permita la ley y sea necesario para realizar nuestros Servicios y preparar Informes.<\/p>\n<h2>DECLARACI\u00d3N DE MONETIZACI\u00d3N<\/h2>\n<p>Como procesador de datos, ComplyCube no cobra a los usuarios finales por sus servicios. Esto es responsabilidad y criterio del responsable del tratamiento.<\/p>\n<h2>Descargos de responsabilidad<\/h2>\n<p>No garantizamos ni declaramos que el sitio web cumplir\u00e1 con sus requisitos, que ser\u00e1 de calidad satisfactoria, que ser\u00e1 apto para un prop\u00f3sito en particular, que no infringir\u00e1 los derechos de terceros, que ser\u00e1 compatible con todos los sistemas, que ser\u00e1 seguro y que toda la informaci\u00f3n proporcionada ser\u00e1 precisa. No garantizamos ning\u00fan resultado espec\u00edfico del uso de Nuestros servicios. Ninguna parte de este sitio web est\u00e1 destinada a constituir un consejo y no se debe confiar en el contenido de este sitio web al tomar decisiones o realizar cualquier tipo de acci\u00f3n. Ninguna parte de este sitio web est\u00e1 destinada a constituir una oferta contractual susceptible de aceptaci\u00f3n. Si bien hacemos todos los esfuerzos razonables para garantizar que el sitio web sea seguro y est\u00e9 libre de errores, virus y otro malware, le recomendamos encarecidamente que asuma la responsabilidad de su propia seguridad en Internet, la de sus datos personales y sus computadoras.<\/p>\n<h2>CAMBIOS AL SERVICIO Y ESTOS T\u00c9RMINOS Y CONDICIONES<\/h2>\n<p>Nos reservamos el derecho de cambiar el sitio web, su contenido o estos t\u00e9rminos y condiciones en cualquier momento. Quedar\u00e1 sujeto a cualquier cambio en los T\u00e9rminos y condiciones desde la primera vez que utilice el sitio web despu\u00e9s de los cambios. Si estamos obligados a realizar cambios a estos T\u00e9rminos y condiciones relacionados con la venta de Bienes por ley, estos cambios se aplicar\u00e1n autom\u00e1ticamente a cualquier pedido actualmente pendiente, adem\u00e1s de cualquier pedido realizado por usted en el futuro.<\/p>\n<h2>DISPONIBILIDAD DEL SITIO WEB<\/h2>\n<p>El sitio web y cualquier servicio proporcionado en el mismo se proporciona &quot;tal cual&quot; y &quot;seg\u00fan est\u00e9 disponible&quot;. No ofrecemos ninguna garant\u00eda de que el sitio web o cualquier servicio est\u00e9 libre de defectos y \/ o fallas. En la m\u00e1xima medida permitida por la ley, no ofrecemos garant\u00edas (expresas o impl\u00edcitas) de idoneidad para un prop\u00f3sito particular, precisi\u00f3n de la informaci\u00f3n, compatibilidad y calidad satisfactoria. No aceptamos ninguna responsabilidad por cualquier interrupci\u00f3n o falta de disponibilidad del sitio web como resultado de causas externas que incluyen, entre otras, fallas en el equipo del ISP, fallas en el equipo host, fallas en la red de comunicaciones, fallas en el suministro el\u00e9ctrico, eventos naturales, actos de guerra o restricciones legales y censura.<\/p>\n<h2>LIMITACI\u00d3N DE RESPONSABILIDAD<\/h2>\n<p>En la m\u00e1xima medida permitida por la ley, no aceptamos ninguna responsabilidad por cualquier p\u00e9rdida o da\u00f1o directo o indirecto, previsible o de otro tipo, incluidos los da\u00f1os indirectos, consecuentes, especiales o ejemplares que surjan del uso del sitio web o cualquier informaci\u00f3n contenida en el mismo. Debe tener en cuenta que utiliza el sitio web y su contenido bajo su propio riesgo. Nada en estos T\u00e9rminos y Condiciones excluye o restringe nuestra responsabilidad por muerte o lesiones personales resultantes de cualquier negligencia o fraude por nuestra parte. Nada en estos T\u00e9rminos y Condiciones excluye o restringe nuestra responsabilidad por cualquier p\u00e9rdida o da\u00f1o directo o indirecto que surja de la entrega incorrecta de Bienes o de la confianza en informaci\u00f3n incorrecta incluida en el Sitio web. En el caso de que se determine que alguno de estos t\u00e9rminos es ilegal, inv\u00e1lido o inaplicable, ese t\u00e9rmino se considerar\u00e1 separado de estos T\u00e9rminos y condiciones y no afectar\u00e1 la validez y aplicabilidad de los T\u00e9rminos y condiciones restantes. Este t\u00e9rmino se aplicar\u00e1 solo dentro de las jurisdicciones donde un t\u00e9rmino en particular es ilegal.<\/p>\n<h2>NO RENUNCIO<\/h2>\n<p>En el caso de que alguna de las partes de estos T\u00e9rminos y Condiciones no ejerza alg\u00fan derecho o recurso aqu\u00ed contenido, esto no se interpretar\u00e1 como una renuncia a ese derecho o recurso.<\/p>\n<h2>T\u00c9RMINOS Y CONDICIONES ANTERIORES<\/h2>\n<p>En caso de conflicto entre estos T\u00e9rminos y Condiciones y cualquier versi\u00f3n anterior de los mismos, prevalecer\u00e1n las disposiciones de estos T\u00e9rminos y Condiciones, a menos que se indique expresamente lo contrario.<\/p>\n<h2>COMUNICACIONES<\/h2>\n<p>Todos los avisos \/ comunicaciones se nos enviar\u00e1n por correo postal a Nuestras instalaciones (consulte la direcci\u00f3n anterior). Dicho aviso se considerar\u00e1 recibido tres d\u00edas despu\u00e9s de la publicaci\u00f3n si se env\u00eda por correo postal de primera clase, el d\u00eda del env\u00edo si el correo electr\u00f3nico se recibe en su totalidad en un d\u00eda h\u00e1bil y el siguiente d\u00eda h\u00e1bil si el correo electr\u00f3nico se env\u00eda un fin de semana o un d\u00eda festivo. Es posible que de vez en cuando, si opta por recibirlo, le enviemos informaci\u00f3n sobre Nuestros productos y \/ o servicios. Si no desea recibir dicha informaci\u00f3n, haga clic en el enlace Cancelar suscripci\u00f3n en cualquier correo electr\u00f3nico que reciba de nosotros.<\/p>\n<h2>LEY Y JURISDICCI\u00d3N<\/h2>\n<p>Estos T\u00e9rminos y Condiciones y la relaci\u00f3n entre usted y nosotros se regir\u00e1n e interpretar\u00e1n de acuerdo con las Leyes del Reino Unido y tanto nosotros como usted aceptamos someternos a la jurisdicci\u00f3n exclusiva de los Tribunales del Reino Unido.<\/p>\n<h2>C\u00d3MO UTILIZAMOS LAS COOKIES<\/h2>\n<p>Nuestro sitio (http:\/\/www.complycube.com) utiliza cookies para distinguirlo de otros usuarios de nuestro sitio. Una cookie es un peque\u00f1o archivo que solicita permiso para ser colocado en el disco duro de su computadora. Una vez que acepta, se agrega el archivo y la cookie ayuda a analizar el tr\u00e1fico web o le permite saber cu\u00e1ndo visita un sitio en particular. Las cookies permiten que las aplicaciones web le respondan como un individuo, por lo tanto, brindan una buena experiencia y al mismo tiempo nos permiten mejorar nuestro sitio. La aplicaci\u00f3n web puede adaptar sus operaciones a sus necesidades, gustos y disgustos al recopilar y recordar informaci\u00f3n sobre sus preferencias.<\/p>\n<p>Usamos cookies de registro de tr\u00e1fico para identificar qu\u00e9 p\u00e1ginas se est\u00e1n utilizando. Esto nos ayuda a analizar datos sobre el tr\u00e1fico de la p\u00e1gina web y mejorar nuestro sitio web para adaptarlo a las necesidades del cliente. Solo usamos esta informaci\u00f3n con fines de an\u00e1lisis estad\u00edstico y luego los datos se eliminan del sistema.<\/p>\n<p>En general, las cookies nos ayudan a brindarle un mejor sitio web, al permitirnos monitorear qu\u00e9 p\u00e1ginas encuentra \u00fatiles y cu\u00e1les no. Una cookie de ninguna manera nos da acceso a su computadora ni a ninguna informaci\u00f3n sobre usted, aparte de los datos que elija compartir con nosotros. Al acceder a nuestro sitio, nos da su consentimiento para que usemos cookies en su sistema. La mayor\u00eda de los navegadores web aceptan autom\u00e1ticamente las cookies, pero normalmente puede modificar la configuraci\u00f3n de su navegador para rechazar las cookies si lo prefiere. Esto evitar\u00e1 que aproveche al m\u00e1ximo el sitio web.<\/p>\n<h2>TIPOS DE COOKIES<\/h2>\n<p>Las cookies se dividen en cuatro categor\u00edas:<\/p>\n<ul type=\"1\">\n<li>Estrictamente necesarios, que son necesarios para que las funciones esenciales del sitio funcionen correctamente.<\/li>\n<li>Cookies de rendimiento, que nos permiten analizar c\u00f3mo se utiliza el sitio para mejorarlo. Estas cookies no contienen informaci\u00f3n personal que identifique a un visitante y toda la informaci\u00f3n recopilada es agregada y, por lo tanto, an\u00f3nima. Al utilizar nuestro sitio, acepta que podemos colocar este tipo de cookies en su dispositivo.<\/li>\n<li>Funcionalidad necesaria, que permite que el sitio web recuerde las elecciones que usted hace, como el nombre de usuario, el idioma, etc. Estas cookies no permiten que ComplyCube rastree su actividad de navegaci\u00f3n en otros sitios. Cuando elige permitir que su navegador recuerde sus datos de inicio de sesi\u00f3n, acepta que podemos colocar este tipo de cookies en su dispositivo.<\/li>\n<li>Orientaci\u00f3n necesaria, que se utiliza para ofrecer anuncios m\u00e1s relevantes para el usuario y sus intereses. Para los usuarios que han iniciado sesi\u00f3n, no se publica ning\u00fan anuncio, por lo que estas cookies solo se aplican a los visitantes que han cerrado la sesi\u00f3n.<\/li>\n<\/ul>\n<h2>CONTROL DE LAS COOKIES<\/h2>\n<p>Puede bloquear las cookies activando la configuraci\u00f3n en su navegador que le permite rechazar la configuraci\u00f3n de todas o algunas cookies. Sin embargo, si utiliza la configuraci\u00f3n de su navegador para bloquear todas las cookies (incluidas las cookies esenciales), es posible que no pueda acceder a todo o parte de nuestro sitio.<\/p>\t\t\t\t\t\t\t\t<\/div>\n\t\t\t\t<\/div>\n\t\t\t\t\t<\/div>\n\t\t\t\t<\/div>\n\t\t\t\t<\/div>","protected":false},"excerpt":{"rendered":"<p>OVERVIEW ComplyCube has developed services (the \u201cServices\u201d), including, without limitation: (a) certain data and software services; (b) the ComplyCube website at: https:\/\/www.complycube.com\/, user interface and documentation as well as any programming fixes, modifications, enhancements, improvements, updates, additions, derivative works and related material (the \u201cWebsite\u201d); and (c) data, including without limitation third party data, which is [&hellip;]<\/p>\n","protected":false},"author":1,"featured_media":0,"parent":0,"menu_order":12,"comment_status":"closed","ping_status":"closed","template":"","meta":{"_acf_changed":false,"content-type":"","inline_featured_image":false,"footnotes":""},"class_list":["post-168","page","type-page","status-publish","hentry"],"acf":[],"aioseo_notices":[],"_links":{"self":[{"href":"https:\/\/www.complycube.com\/es\/wp-json\/wp\/v2\/pages\/168","targetHints":{"allow":["GET"]}}],"collection":[{"href":"https:\/\/www.complycube.com\/es\/wp-json\/wp\/v2\/pages"}],"about":[{"href":"https:\/\/www.complycube.com\/es\/wp-json\/wp\/v2\/types\/page"}],"author":[{"embeddable":true,"href":"https:\/\/www.complycube.com\/es\/wp-json\/wp\/v2\/users\/1"}],"replies":[{"embeddable":true,"href":"https:\/\/www.complycube.com\/es\/wp-json\/wp\/v2\/comments?post=168"}],"version-history":[{"count":6,"href":"https:\/\/www.complycube.com\/es\/wp-json\/wp\/v2\/pages\/168\/revisions"}],"predecessor-version":[{"id":28052,"href":"https:\/\/www.complycube.com\/es\/wp-json\/wp\/v2\/pages\/168\/revisions\/28052"}],"wp:attachment":[{"href":"https:\/\/www.complycube.com\/es\/wp-json\/wp\/v2\/media?parent=168"}],"curies":[{"name":"Gracias","href":"https:\/\/api.w.org\/{rel}","templated":true}]}}