{"id":166,"date":"2021-10-27T12:12:49","date_gmt":"2021-10-27T12:12:49","guid":{"rendered":"http:\/\/new.complycube.io\/?page_id=166"},"modified":"2022-10-14T13:36:38","modified_gmt":"2022-10-14T13:36:38","slug":"politica-de-cookies","status":"publish","type":"page","link":"https:\/\/www.complycube.com\/es\/cookie-policy\/","title":{"rendered":"Pol\u00edtica de cookies"},"content":{"rendered":"<h2>C\u00d3MO UTILIZAMOS LAS COOKIES<\/h2>\n<ol type=\"1\">\n<li>Nuestro sitio (https:\/\/www.complycube.com) utiliza cookies para distinguirlo de otros usuarios de nuestro sitio. Una cookie es un peque\u00f1o archivo que solicita permiso para ser colocado en el disco duro de su computadora. Una vez que acepta, se agrega el archivo y la cookie ayuda a analizar el tr\u00e1fico web o le permite saber cu\u00e1ndo visita un sitio en particular. Las cookies permiten que las aplicaciones web le respondan como un individuo, por lo tanto, brindan una buena experiencia y al mismo tiempo nos permiten mejorar nuestro sitio. La aplicaci\u00f3n web puede adaptar sus operaciones a sus necesidades, gustos y disgustos al recopilar y recordar informaci\u00f3n sobre sus preferencias.<\/li>\n<li>Usamos cookies de registro de tr\u00e1fico para identificar qu\u00e9 p\u00e1ginas se est\u00e1n utilizando. Esto nos ayuda a analizar datos sobre el tr\u00e1fico de la p\u00e1gina web y mejorar nuestro sitio web para adaptarlo a las necesidades del cliente. Solo usamos esta informaci\u00f3n con fines de an\u00e1lisis estad\u00edstico y luego los datos se eliminan del sistema.<\/li>\n<li>En general, las cookies nos ayudan a brindarle un mejor sitio web, al permitirnos monitorear qu\u00e9 p\u00e1ginas encuentra \u00fatiles y cu\u00e1les no. Una cookie de ninguna manera nos da acceso a su computadora ni a ninguna informaci\u00f3n sobre usted, aparte de los datos que elija compartir con nosotros. Al acceder a nuestro sitio, nos da su consentimiento para que usemos cookies en su sistema. La mayor\u00eda de los navegadores web aceptan autom\u00e1ticamente las cookies, pero normalmente puede modificar la configuraci\u00f3n de su navegador para rechazar las cookies si lo prefiere. Esto evitar\u00e1 que aproveche al m\u00e1ximo el sitio web.<\/li>\n<\/ol>\n<h2>TIPOS DE COOKIES<\/h2>\n<p class=\"legal\">Las cookies se dividen en cuatro categor\u00edas:<\/p>\n<ul type=\"1\">\n<li>Estrictamente necesarios, que son necesarios para que las funciones esenciales del sitio funcionen correctamente.<\/li>\n<li>Cookies de rendimiento, que nos permiten analizar c\u00f3mo se utiliza el sitio para mejorarlo. Estas cookies no contienen informaci\u00f3n personal que identifique a un visitante y toda la informaci\u00f3n recopilada es agregada y, por lo tanto, an\u00f3nima. Al utilizar nuestro sitio, acepta que podemos colocar este tipo de cookies en su dispositivo.<\/li>\n<li>Funcionalidad necesaria, que permite que el sitio web recuerde las elecciones que usted hace, como el nombre de usuario, el idioma, etc. Estas cookies no permiten que ComplyCube rastree su actividad de navegaci\u00f3n en otros sitios. Cuando elige permitir que su navegador recuerde sus datos de inicio de sesi\u00f3n, acepta que podemos colocar este tipo de cookies en su dispositivo.<\/li>\n<li>Orientaci\u00f3n necesaria, que se utiliza para ofrecer anuncios m\u00e1s relevantes para el usuario y sus intereses. Para los usuarios que han iniciado sesi\u00f3n, no se publica ning\u00fan anuncio, por lo que estas cookies solo se aplican a los visitantes que han cerrado la sesi\u00f3n.<\/li>\n<\/ul>\n<h2>CONTROL DE LAS COOKIES<\/h2>\n<p class=\"legal\">Puede bloquear las cookies activando la configuraci\u00f3n en su navegador que le permite rechazar la configuraci\u00f3n de todas o algunas cookies. Sin embargo, si utiliza la configuraci\u00f3n de su navegador para bloquear todas las cookies (incluidas las cookies esenciales), es posible que no pueda acceder a todo o parte de nuestro sitio.<\/p>","protected":false},"excerpt":{"rendered":"<p>HOW WE USE COOKIES Our site (https:\/\/www.complycube.com) uses cookies to distinguish you from other users of our site. A cookie is a small file which asks permission to be placed on your computer&#8217;s hard drive. Once you agree, the file is added and the cookie helps analyse web traffic or lets you know when you [&hellip;]<\/p>\n","protected":false},"author":1,"featured_media":0,"parent":0,"menu_order":11,"comment_status":"closed","ping_status":"closed","template":"","meta":{"_acf_changed":false,"content-type":"","inline_featured_image":false,"footnotes":""},"class_list":["post-166","page","type-page","status-publish","hentry"],"acf":[],"aioseo_notices":[],"aioseo_head":"\n\t\t<!-- All in One SEO Pro 4.9.6.1 - aioseo.com -->\n\t<meta name=\"description\" content=\"Have you been wondering how we utilize the cookies we gather? They\u2019re there to help us make the experience better for you. Read our cookie policy now!\" \/>\n\t<meta name=\"robots\" content=\"max-image-preview:large\" \/>\n\t<meta name=\"google-site-verification\" content=\"9nwsC3BxNQT0rN_dh5xNnCBQI6EVMaGEtvfky-IUUgQ\" \/>\n\t<meta name=\"msvalidate.01\" content=\"6787C3F0846FBE039FCD4064ECED4F6A\" \/>\n\t<link rel=\"canonical\" href=\"https:\/\/www.complycube.com\/es\/cookie-policy\/\" \/>\n\t<meta name=\"generator\" content=\"All in One SEO Pro (AIOSEO) 4.9.6.1\" \/>\n\t\t<meta property=\"og:locale\" content=\"es_ES\" \/>\n\t\t<meta property=\"og:site_name\" content=\"ComplyCube | ComplyCube&#039;s API automates Identity Verification (IDV), Know Your Customer (KYC) &amp; Anti-Money Laundering (AML) checks. Get started with our AML\/KYC API today\" \/>\n\t\t<meta property=\"og:type\" content=\"article\" \/>\n\t\t<meta property=\"og:title\" content=\"ComplyCube&#039;s Cookie Policy: The Robust AML SAAS Company\" \/>\n\t\t<meta property=\"og:description\" content=\"Have you been wondering how we utilize the cookies we gather? They\u2019re there to help us make the experience better for you. Read our cookie policy now!\" \/>\n\t\t<meta property=\"og:url\" content=\"https:\/\/www.complycube.com\/es\/cookie-policy\/\" \/>\n\t\t<meta property=\"og:image\" content=\"https:\/\/www.complycube.com\/wp-content\/uploads\/2021\/10\/complycube-favicon.png\" \/>\n\t\t<meta property=\"og:image:secure_url\" content=\"https:\/\/www.complycube.com\/wp-content\/uploads\/2021\/10\/complycube-favicon.png\" \/>\n\t\t<meta property=\"og:image:width\" content=\"512\" \/>\n\t\t<meta property=\"og:image:height\" content=\"512\" \/>\n\t\t<meta property=\"article:published_time\" content=\"2021-10-27T12:12:49+00:00\" \/>\n\t\t<meta property=\"article:modified_time\" content=\"2022-10-14T13:36:38+00:00\" \/>\n\t\t<meta property=\"article:publisher\" content=\"https:\/\/www.facebook.com\/ComplyCube\" \/>\n\t\t<meta name=\"twitter:card\" content=\"summary\" \/>\n\t\t<meta name=\"twitter:site\" content=\"@ComplyCube\" \/>\n\t\t<meta name=\"twitter:title\" content=\"ComplyCube&#039;s Cookie Policy: The Robust AML SAAS Company\" \/>\n\t\t<meta name=\"twitter:description\" content=\"Have you been wondering how we utilize the cookies we gather? They\u2019re there to help us make the experience better for you. Read our cookie policy now!\" \/>\n\t\t<meta name=\"twitter:creator\" content=\"@ComplyCube\" \/>\n\t\t<meta name=\"twitter:image\" content=\"https:\/\/www.complycube.com\/wp-content\/uploads\/2021\/10\/complycube-favicon.png\" \/>\n\t\t<script type=\"application\/ld+json\" class=\"aioseo-schema\">\n\t\t\t{\"@context\":\"https:\\\/\\\/schema.org\",\"@graph\":[{\"@type\":\"BreadcrumbList\",\"@id\":\"https:\\\/\\\/www.complycube.com\\\/es\\\/cookie-policy\\\/#breadcrumblist\",\"itemListElement\":[{\"@type\":\"ListItem\",\"@id\":\"https:\\\/\\\/www.complycube.com\\\/es\\\/#listItem\",\"position\":1,\"name\":\"Home\",\"item\":\"https:\\\/\\\/www.complycube.com\\\/es\\\/\",\"nextItem\":{\"@type\":\"ListItem\",\"@id\":\"https:\\\/\\\/www.complycube.com\\\/es\\\/cookie-policy\\\/#listItem\",\"name\":\"Cookie policy\"}},{\"@type\":\"ListItem\",\"@id\":\"https:\\\/\\\/www.complycube.com\\\/es\\\/cookie-policy\\\/#listItem\",\"position\":2,\"name\":\"Cookie policy\",\"previousItem\":{\"@type\":\"ListItem\",\"@id\":\"https:\\\/\\\/www.complycube.com\\\/es\\\/#listItem\",\"name\":\"Home\"}}]},{\"@type\":\"Organization\",\"@id\":\"https:\\\/\\\/www.complycube.com\\\/es\\\/#organization\",\"name\":\"ComplyCube\",\"description\":\"ComplyCube's API automates Identity Verification (IDV), Know Your Customer (KYC) & Anti-Money Laundering (AML) checks. Get started with our AML\\\/KYC API today\",\"url\":\"https:\\\/\\\/www.complycube.com\\\/es\\\/\",\"telephone\":\"+442032861575\",\"logo\":{\"@type\":\"ImageObject\",\"url\":\"https:\\\/\\\/www.complycube.com\\\/wp-content\\\/uploads\\\/2022\\\/09\\\/ComplyCube-Square-125-x-125.png\",\"@id\":\"https:\\\/\\\/www.complycube.com\\\/es\\\/cookie-policy\\\/#organizationLogo\",\"width\":125,\"height\":125,\"caption\":\"ComplyCube Square Logo\"},\"image\":{\"@id\":\"https:\\\/\\\/www.complycube.com\\\/es\\\/cookie-policy\\\/#organizationLogo\"},\"sameAs\":[\"https:\\\/\\\/www.facebook.com\\\/ComplyCube\",\"https:\\\/\\\/x.com\\\/ComplyCube\",\"https:\\\/\\\/www.instagram.com\\\/complycube\\\/\",\"https:\\\/\\\/www.youtube.com\\\/@complycube\",\"https:\\\/\\\/linkedin.com\\\/company\\\/ComplyCube\"],\"address\":{\"@id\":\"https:\\\/\\\/www.complycube.com\\\/es\\\/#postaladdress\",\"@type\":\"PostalAddress\",\"streetAddress\":\"30 Churchill Place, Canary Wharf\",\"postalCode\":\"E14 5RE\",\"addressLocality\":\"London\",\"addressCountry\":\"GB\"}},{\"@type\":\"WebPage\",\"@id\":\"https:\\\/\\\/www.complycube.com\\\/es\\\/cookie-policy\\\/#webpage\",\"url\":\"https:\\\/\\\/www.complycube.com\\\/es\\\/cookie-policy\\\/\",\"name\":\"ComplyCube's Cookie Policy: The Robust AML SAAS Company\",\"description\":\"Have you been wondering how we utilize the cookies we gather? They\\u2019re there to help us make the experience better for you. Read our cookie policy now!\",\"inLanguage\":\"es-ES\",\"isPartOf\":{\"@id\":\"https:\\\/\\\/www.complycube.com\\\/es\\\/#website\"},\"breadcrumb\":{\"@id\":\"https:\\\/\\\/www.complycube.com\\\/es\\\/cookie-policy\\\/#breadcrumblist\"},\"datePublished\":\"2021-10-27T12:12:49+00:00\",\"dateModified\":\"2022-10-14T13:36:38+00:00\"},{\"@type\":\"WebSite\",\"@id\":\"https:\\\/\\\/www.complycube.com\\\/es\\\/#website\",\"url\":\"https:\\\/\\\/www.complycube.com\\\/es\\\/\",\"name\":\"ComplyCube\",\"description\":\"ComplyCube's API automates Identity Verification (IDV), Know Your Customer (KYC) & Anti-Money Laundering (AML) checks. Get started with our AML\\\/KYC API today\",\"inLanguage\":\"es-ES\",\"publisher\":{\"@id\":\"https:\\\/\\\/www.complycube.com\\\/es\\\/#organization\"}}]}\n\t\t<\/script>\n\t\t<!-- All in One SEO Pro -->\r\n\t\t<title>ComplyCube's Cookie Policy: The Robust AML SAAS Company<\/title>\n\n","aioseo_head_json":{"title":"Pol\u00edtica de Cookies de ComplyCube: La Robusta Empresa AML SAAS","description":"\u00bfSe ha estado preguntando c\u00f3mo utilizamos las cookies que recopilamos? Est\u00e1n all\u00ed para ayudarnos a mejorar la experiencia para usted. \u00a1Lea nuestra pol\u00edtica de cookies ahora!","canonical_url":"https:\/\/www.complycube.com\/es\/cookie-policy\/","robots":"max-image-preview:large","keywords":"","webmasterTools":{"google-site-verification":"9nwsC3BxNQT0rN_dh5xNnCBQI6EVMaGEtvfky-IUUgQ","msvalidate.01":"6787C3F0846FBE039FCD4064ECED4F6A","miscellaneous":""},"schema":{"@context":"https:\/\/schema.org","@graph":[{"@type":"BreadcrumbList","@id":"https:\/\/www.complycube.com\/es\/cookie-policy\/#breadcrumblist","itemListElement":[{"@type":"ListItem","@id":"https:\/\/www.complycube.com\/es\/#listItem","position":1,"name":"Home","item":"https:\/\/www.complycube.com\/es\/","nextItem":{"@type":"ListItem","@id":"https:\/\/www.complycube.com\/es\/cookie-policy\/#listItem","name":"Cookie policy"}},{"@type":"ListItem","@id":"https:\/\/www.complycube.com\/es\/cookie-policy\/#listItem","position":2,"name":"Cookie policy","previousItem":{"@type":"ListItem","@id":"https:\/\/www.complycube.com\/es\/#listItem","name":"Home"}}]},{"@type":"Organization","@id":"https:\/\/www.complycube.com\/es\/#organization","name":"ComplyCube","description":"ComplyCube's API automates Identity Verification (IDV), Know Your Customer (KYC) & Anti-Money Laundering (AML) checks. Get started with our AML\/KYC API today","url":"https:\/\/www.complycube.com\/es\/","telephone":"+442032861575","logo":{"@type":"ImageObject","url":"https:\/\/www.complycube.com\/wp-content\/uploads\/2022\/09\/ComplyCube-Square-125-x-125.png","@id":"https:\/\/www.complycube.com\/es\/cookie-policy\/#organizationLogo","width":125,"height":125,"caption":"ComplyCube Square Logo"},"image":{"@id":"https:\/\/www.complycube.com\/es\/cookie-policy\/#organizationLogo"},"sameAs":["https:\/\/www.facebook.com\/ComplyCube","https:\/\/x.com\/ComplyCube","https:\/\/www.instagram.com\/complycube\/","https:\/\/www.youtube.com\/@complycube","https:\/\/linkedin.com\/company\/ComplyCube"],"address":{"@id":"https:\/\/www.complycube.com\/es\/#postaladdress","@type":"PostalAddress","streetAddress":"30 Churchill Place, Canary Wharf","postalCode":"E14 5RE","addressLocality":"London","addressCountry":"GB"}},{"@type":"WebPage","@id":"https:\/\/www.complycube.com\/es\/cookie-policy\/#webpage","url":"https:\/\/www.complycube.com\/es\/cookie-policy\/","name":"ComplyCube's Cookie Policy: The Robust AML SAAS Company","description":"Have you been wondering how we utilize the cookies we gather? They\u2019re there to help us make the experience better for you. Read our cookie policy now!","inLanguage":"es-ES","isPartOf":{"@id":"https:\/\/www.complycube.com\/es\/#website"},"breadcrumb":{"@id":"https:\/\/www.complycube.com\/es\/cookie-policy\/#breadcrumblist"},"datePublished":"2021-10-27T12:12:49+00:00","dateModified":"2022-10-14T13:36:38+00:00"},{"@type":"WebSite","@id":"https:\/\/www.complycube.com\/es\/#website","url":"https:\/\/www.complycube.com\/es\/","name":"ComplyCube","description":"ComplyCube's API automates Identity Verification (IDV), Know Your Customer (KYC) & Anti-Money Laundering (AML) checks. Get started with our AML\/KYC API today","inLanguage":"es-ES","publisher":{"@id":"https:\/\/www.complycube.com\/es\/#organization"}}]},"og:locale":"es_ES","og:site_name":"ComplyCube | ComplyCube's API automates Identity Verification (IDV), Know Your Customer (KYC) &amp; Anti-Money Laundering (AML) checks. Get started with our AML\/KYC API today","og:type":"article","og:title":"ComplyCube's Cookie Policy: The Robust AML SAAS Company","og:description":"Have you been wondering how we utilize the cookies we gather? They\u2019re there to help us make the experience better for you. Read our cookie policy now!","og:url":"https:\/\/www.complycube.com\/es\/cookie-policy\/","og:image":"https:\/\/www.complycube.com\/wp-content\/uploads\/2021\/10\/complycube-favicon.png","og:image:secure_url":"https:\/\/www.complycube.com\/wp-content\/uploads\/2021\/10\/complycube-favicon.png","og:image:width":512,"og:image:height":512,"article:published_time":"2021-10-27T12:12:49+00:00","article:modified_time":"2022-10-14T13:36:38+00:00","article:publisher":"https:\/\/www.facebook.com\/ComplyCube","twitter:card":"summary","twitter:site":"@ComplyCube","twitter:title":"ComplyCube's Cookie Policy: The Robust AML SAAS Company","twitter:description":"Have you been wondering how we utilize the cookies we gather? They\u2019re there to help us make the experience better for you. Read our cookie policy now!","twitter:creator":"@ComplyCube","twitter:image":"https:\/\/www.complycube.com\/wp-content\/uploads\/2021\/10\/complycube-favicon.png"},"aioseo_meta_data":{"post_id":"166","title":"Pol\u00edtica de Cookies de ComplyCube: La Robusta Empresa AML SAAS","description":"\u00bfSe ha estado preguntando c\u00f3mo utilizamos las cookies que recopilamos? Est\u00e1n all\u00ed para ayudarnos a mejorar la experiencia para usted. \u00a1Lea nuestra pol\u00edtica de cookies ahora!","keywords":[],"keyphrases":{"focus":{"keyphrase":"","score":0,"analysis":{"keyphraseInTitle":{"score":0,"maxScore":9,"error":1}}},"additional":[]},"primary_term":null,"canonical_url":null,"og_title":null,"og_description":null,"og_object_type":"default","og_image_type":"default","og_image_url":null,"og_image_width":null,"og_image_height":null,"og_image_custom_url":null,"og_image_custom_fields":null,"og_video":"","og_custom_url":null,"og_article_section":null,"og_article_tags":[],"twitter_use_og":false,"twitter_card":"default","twitter_image_type":"default","twitter_image_url":null,"twitter_image_custom_url":null,"twitter_image_custom_fields":null,"twitter_title":null,"twitter_description":null,"schema":{"blockGraphs":[],"customGraphs":[],"default":{"data":{"Article":[],"Course":[],"Dataset":[],"FAQPage":[],"Movie":[],"Person":[],"Product":[],"ProductReview":[],"Car":[],"Recipe":[],"Service":[],"SoftwareApplication":[],"WebPage":[]},"graphName":"WebPage","isEnabled":true},"graphs":[],"defaultGraph":"WebPage","defaultPostTypeGraph":""},"schema_type":"default","schema_type_options":"{\"article\":{\"articleType\":\"BlogPosting\"},\"course\":{\"name\":\"\",\"description\":\"\",\"provider\":\"\"},\"faq\":{\"pages\":[]},\"product\":{\"reviews\":[]},\"recipe\":{\"ingredients\":[],\"instructions\":[],\"keywords\":[]},\"software\":{\"reviews\":[],\"operatingSystems\":[]},\"webPage\":{\"webPageType\":\"WebPage\"}}","pillar_content":false,"robots_default":true,"robots_noindex":false,"robots_noarchive":false,"robots_nosnippet":false,"robots_nofollow":false,"robots_noimageindex":false,"robots_noodp":false,"robots_notranslate":false,"robots_max_snippet":"-1","robots_max_videopreview":"-1","robots_max_imagepreview":"large","priority":null,"frequency":"default","local_seo":null,"seo_analyzer_scan_date":"2025-10-08 21:59:37","breadcrumb_settings":null,"limit_modified_date":false,"reviewed_by":null,"open_ai":null,"ai":null,"created":"2021-10-27 12:12:49","updated":"2025-10-08 21:59:37"},"aioseo_breadcrumb":"<div class=\"aioseo-breadcrumbs\"><span class=\"aioseo-breadcrumb\">\n\t<a href=\"https:\/\/www.complycube.com\/es\/\" title=\"Home\">Home<\/a>\n<\/span><span class=\"aioseo-breadcrumb-separator\">&raquo;<\/span><span class=\"aioseo-breadcrumb\">\n\tCookie policy\n<\/span><\/div>","aioseo_breadcrumb_json":[{"label":"Home","link":"https:\/\/www.complycube.com\/es\/"},{"label":"Cookie policy","link":"https:\/\/www.complycube.com\/es\/cookie-policy\/"}],"_links":{"self":[{"href":"https:\/\/www.complycube.com\/es\/wp-json\/wp\/v2\/pages\/166","targetHints":{"allow":["GET"]}}],"collection":[{"href":"https:\/\/www.complycube.com\/es\/wp-json\/wp\/v2\/pages"}],"about":[{"href":"https:\/\/www.complycube.com\/es\/wp-json\/wp\/v2\/types\/page"}],"author":[{"embeddable":true,"href":"https:\/\/www.complycube.com\/es\/wp-json\/wp\/v2\/users\/1"}],"replies":[{"embeddable":true,"href":"https:\/\/www.complycube.com\/es\/wp-json\/wp\/v2\/comments?post=166"}],"version-history":[{"count":1,"href":"https:\/\/www.complycube.com\/es\/wp-json\/wp\/v2\/pages\/166\/revisions"}],"predecessor-version":[{"id":15112,"href":"https:\/\/www.complycube.com\/es\/wp-json\/wp\/v2\/pages\/166\/revisions\/15112"}],"wp:attachment":[{"href":"https:\/\/www.complycube.com\/es\/wp-json\/wp\/v2\/media?parent=166"}],"curies":[{"name":"Gracias","href":"https:\/\/api.w.org\/{rel}","templated":true}]}}