{"id":23,"date":"2021-10-27T09:36:13","date_gmt":"2021-10-27T09:36:13","guid":{"rendered":"http:\/\/new.complycube.io\/?page_id=23"},"modified":"2025-12-22T15:59:42","modified_gmt":"2025-12-22T15:59:42","slug":"globales-screening","status":"publish","type":"page","link":"https:\/\/www.complycube.com\/de\/solutions\/global-screening\/","title":{"rendered":"AML-Screening"},"content":{"rendered":"<div data-elementor-type=\"wp-page\" data-elementor-id=\"23\" class=\"elementor elementor-23\" data-elementor-post-type=\"page\">\n\t\t\t\t\t\t<section class=\"elementor-section elementor-top-section elementor-element elementor-element-2ec3f94b elementor-section-boxed elementor-section-height-default elementor-section-height-default\" data-id=\"2ec3f94b\" data-element_type=\"section\" data-e-type=\"section\" data-settings=\"{&quot;background_background&quot;:&quot;classic&quot;}\">\n\t\t\t\t\t\t<div class=\"elementor-container elementor-column-gap-default\">\n\t\t\t\t\t<div class=\"elementor-column elementor-col-100 elementor-top-column elementor-element elementor-element-32f7ecbd\" data-id=\"32f7ecbd\" data-element_type=\"column\" data-e-type=\"column\">\n\t\t\t<div class=\"elementor-widget-wrap elementor-element-populated\">\n\t\t\t\t\t\t<div class=\"elementor-element elementor-element-29aaaa69 elementor-widget elementor-widget-heading\" data-id=\"29aaaa69\" data-element_type=\"widget\" data-e-type=\"widget\" data-widget_type=\"heading.default\">\n\t\t\t\t<div class=\"elementor-widget-container\">\n\t\t\t\t\t<h1 class=\"elementor-heading-title elementor-size-default\">AML-Screening<\/h1>\t\t\t\t<\/div>\n\t\t\t\t<\/div>\n\t\t\t\t<div class=\"elementor-element elementor-element-3e22fc5b elementor-widget elementor-widget-text-editor\" data-id=\"3e22fc5b\" data-element_type=\"widget\" data-e-type=\"widget\" data-widget_type=\"text-editor.default\">\n\t\t\t\t<div class=\"elementor-widget-container\">\n\t\t\t\t\t\t\t\t\t<p>Erfahren Sie mehr \u00fcber unsere individuellen AML-Screening-L\u00f6sungen.<\/p>\t\t\t\t\t\t\t\t<\/div>\n\t\t\t\t<\/div>\n\t\t\t\t\t<\/div>\n\t\t<\/div>\n\t\t\t\t\t<\/div>\n\t\t<\/section>\n\t\t\t\t<div class=\"elementor-section elementor-top-section elementor-element elementor-element-342633c0 elementor-section-boxed elementor-section-height-default elementor-section-height-default\" data-id=\"342633c0\" data-element_type=\"section\" data-e-type=\"section\">\n\t\t\t\t\t\t<div class=\"elementor-container elementor-column-gap-default\">\n\t\t\t\t\t<div class=\"elementor-column elementor-col-50 elementor-top-column elementor-element elementor-element-570e952f\" data-id=\"570e952f\" data-element_type=\"column\" data-e-type=\"column\">\n\t\t\t<div class=\"elementor-widget-wrap elementor-element-populated\">\n\t\t\t\t\t\t<div class=\"elementor-element elementor-element-8501e88 elementor-widget elementor-widget-heading\" data-id=\"8501e88\" data-element_type=\"widget\" data-e-type=\"widget\" data-widget_type=\"heading.default\">\n\t\t\t\t<div class=\"elementor-widget-container\">\n\t\t\t\t\t<h2 class=\"elementor-heading-title elementor-size-default\">Globales Screening<\/h2>\t\t\t\t<\/div>\n\t\t\t\t<\/div>\n\t\t\t\t<div class=\"elementor-element elementor-element-4a56d19a elementor-widget elementor-widget-text-editor\" data-id=\"4a56d19a\" data-element_type=\"widget\" data-e-type=\"widget\" data-widget_type=\"text-editor.default\">\n\t\t\t\t<div class=\"elementor-widget-container\">\n\t\t\t\t\t\t\t\t\t<p>Unser Kunden-Screening-Service zeichnet sich durch globale Abdeckung, intelligente Technologie und umfassende Datenquellen aus und gibt Ihnen die gr\u00f6\u00dftm\u00f6gliche Sicherheit.\u00a0<\/p>\t\t\t\t\t\t\t\t<\/div>\n\t\t\t\t<\/div>\n\t\t\t\t\t<\/div>\n\t\t<\/div>\n\t\t\t\t<div class=\"elementor-column elementor-col-50 elementor-top-column elementor-element elementor-element-43cd7f7f\" data-id=\"43cd7f7f\" data-element_type=\"column\" data-e-type=\"column\">\n\t\t\t<div class=\"elementor-widget-wrap elementor-element-populated\">\n\t\t\t\t\t\t<section class=\"elementor-section elementor-inner-section elementor-element elementor-element-6da82ec9 elementor-section-boxed elementor-section-height-default elementor-section-height-default\" data-id=\"6da82ec9\" data-element_type=\"section\" data-e-type=\"section\">\n\t\t\t\t\t\t<div class=\"elementor-container elementor-column-gap-default\">\n\t\t\t\t\t<section class=\"make-column-clickable-elementor elementor-column elementor-col-50 elementor-inner-column elementor-element elementor-element-5afb3153\" style=\"cursor: pointer;\" data-column-clickable=\"https:\/\/www.complycube.com\/solutions\/global-screening\/sanctions-pep-screening\/\" data-column-clickable-blank=\"_self\" data-id=\"5afb3153\" data-element_type=\"column\" data-e-type=\"column\" data-settings=\"{&quot;background_background&quot;:&quot;classic&quot;}\">\n\t\t\t<div class=\"elementor-widget-wrap elementor-element-populated\">\n\t\t\t\t\t\t<div class=\"elementor-element elementor-element-529530b9 elementor-widget__width-auto elementor-widget elementor-widget-image\" data-id=\"529530b9\" data-element_type=\"widget\" data-e-type=\"widget\" data-widget_type=\"image.default\">\n\t\t\t\t<div class=\"elementor-widget-container\">\n\t\t\t\t\t\t\t\t\t\t\t\t\t\t\t<img decoding=\"async\" width=\"150\" height=\"150\" src=\"https:\/\/www.complycube.com\/wp-content\/uploads\/2022\/03\/icon-sanctions.svg\" class=\"attachment-thumbnail size-thumbnail wp-image-5061\" alt=\"Symbol, das einen Schutzschild zeigt\" title=\"Symbol Sanktionen | Complycube\" \/>\t\t\t\t\t\t\t\t\t\t\t\t\t\t\t<\/div>\n\t\t\t\t<\/div>\n\t\t\t\t<div class=\"elementor-element elementor-element-192ea59e elementor-widget elementor-widget-heading\" data-id=\"192ea59e\" data-element_type=\"widget\" data-e-type=\"widget\" data-widget_type=\"heading.default\">\n\t\t\t\t<div class=\"elementor-widget-container\">\n\t\t\t\t\t<h3 class=\"elementor-heading-title elementor-size-default\">Sanktionen &amp; PEP-Screening<\/h3>\t\t\t\t<\/div>\n\t\t\t\t<\/div>\n\t\t\t\t<div class=\"elementor-element elementor-element-71c9e7ce elementor-widget elementor-widget-text-editor\" data-id=\"71c9e7ce\" data-element_type=\"widget\" data-e-type=\"widget\" data-widget_type=\"text-editor.default\">\n\t\t\t\t<div class=\"elementor-widget-container\">\n\t\t\t\t\t\t\t\t\t<p>Unsere Screening-F\u00e4higkeit bietet eine umfassende Abdeckung von sanktionierten, politisch exponierten Personen (PEP) Personen und Unternehmen<\/p>\t\t\t\t\t\t\t\t<\/div>\n\t\t\t\t<\/div>\n\t\t\t\t<div class=\"elementor-element elementor-element-3bcba744 arrow-link elementor-widget__width-inherit elementor-widget elementor-widget-text-editor\" data-id=\"3bcba744\" data-element_type=\"widget\" data-e-type=\"widget\" data-widget_type=\"text-editor.default\">\n\t\t\t\t<div class=\"elementor-widget-container\">\n\t\t\t\t\t\t\t\t\t<p class=\"p1\"><a href=\"https:\/\/www.complycube.com\/de\/losungen\/globales-screening\/sanktionen-pep-screening\/\">L\u00f6sung anzeigen<\/a><\/p>\t\t\t\t\t\t\t\t<\/div>\n\t\t\t\t<\/div>\n\t\t\t\t\t<\/div>\n\t\t<\/section>\n\t\t\t\t<section class=\"make-column-clickable-elementor elementor-column elementor-col-50 elementor-inner-column elementor-element elementor-element-3df571d5\" style=\"cursor: pointer;\" data-column-clickable=\"https:\/\/www.complycube.com\/solutions\/global-screening\/adverse-media-checks\/\" data-column-clickable-blank=\"_self\" data-id=\"3df571d5\" data-element_type=\"column\" data-e-type=\"column\" data-settings=\"{&quot;background_background&quot;:&quot;classic&quot;}\">\n\t\t\t<div class=\"elementor-widget-wrap elementor-element-populated\">\n\t\t\t\t\t\t<div class=\"elementor-element elementor-element-11d3d8b5 elementor-widget__width-auto elementor-widget elementor-widget-image\" data-id=\"11d3d8b5\" data-element_type=\"widget\" data-e-type=\"widget\" data-widget_type=\"image.default\">\n\t\t\t\t<div class=\"elementor-widget-container\">\n\t\t\t\t\t\t\t\t\t\t\t\t\t\t\t<img decoding=\"async\" width=\"150\" height=\"150\" src=\"https:\/\/www.complycube.com\/wp-content\/uploads\/2021\/11\/icon-news.svg\" class=\"attachment-thumbnail size-thumbnail wp-image-1596\" alt=\"Symbol, das Personen zeigt, die Neuigkeiten teilen\" title=\"Nachrichten | Complycube\" \/>\t\t\t\t\t\t\t\t\t\t\t\t\t\t\t<\/div>\n\t\t\t\t<\/div>\n\t\t\t\t<div class=\"elementor-element elementor-element-2de666bf elementor-widget elementor-widget-heading\" data-id=\"2de666bf\" data-element_type=\"widget\" data-e-type=\"widget\" data-widget_type=\"heading.default\">\n\t\t\t\t<div class=\"elementor-widget-container\">\n\t\t\t\t\t<h3 class=\"elementor-heading-title elementor-size-default\">Unerw\u00fcnschte Medien<\/h3>\t\t\t\t<\/div>\n\t\t\t\t<\/div>\n\t\t\t\t<div class=\"elementor-element elementor-element-b8fa8b7 elementor-widget elementor-widget-text-editor\" data-id=\"b8fa8b7\" data-element_type=\"widget\" data-e-type=\"widget\" data-widget_type=\"text-editor.default\">\n\t\t\t\t<div class=\"elementor-widget-container\">\n\t\t\t\t\t\t\t\t\t<p>Sch\u00fctzen Sie Ihren Ruf, indem Sie Kunden mit unserem KI-gest\u00fctzten Dienst f\u00fcr unerw\u00fcnschte Medien \u00fcberpr\u00fcfen, bevor Sie sie an Bord nehmen.<\/p>\t\t\t\t\t\t\t\t<\/div>\n\t\t\t\t<\/div>\n\t\t\t\t<div class=\"elementor-element elementor-element-9869c00 arrow-link elementor-widget__width-inherit elementor-widget elementor-widget-text-editor\" data-id=\"9869c00\" data-element_type=\"widget\" data-e-type=\"widget\" data-widget_type=\"text-editor.default\">\n\t\t\t\t<div class=\"elementor-widget-container\">\n\t\t\t\t\t\t\t\t\t<p class=\"p1\"><a href=\"https:\/\/www.complycube.com\/de\/losungen\/globales-screening\/negative-medienchecks\/\">L\u00f6sung anzeigen<\/a><\/p>\t\t\t\t\t\t\t\t<\/div>\n\t\t\t\t<\/div>\n\t\t\t\t\t<\/div>\n\t\t<\/section>\n\t\t\t\t\t<\/div>\n\t\t<\/section>\n\t\t\t\t<section class=\"elementor-section elementor-inner-section elementor-element elementor-element-286f767b elementor-section-boxed elementor-section-height-default elementor-section-height-default\" data-id=\"286f767b\" data-element_type=\"section\" data-e-type=\"section\">\n\t\t\t\t\t\t<div class=\"elementor-container elementor-column-gap-default\">\n\t\t\t\t\t<section class=\"make-column-clickable-elementor elementor-column elementor-col-50 elementor-inner-column elementor-element elementor-element-101bf4af\" style=\"cursor: pointer;\" data-column-clickable=\"https:\/\/www.complycube.com\/solutions\/global-screening\/watchlist-screening\/\" data-column-clickable-blank=\"_self\" data-id=\"101bf4af\" data-element_type=\"column\" data-e-type=\"column\" data-settings=\"{&quot;background_background&quot;:&quot;classic&quot;}\">\n\t\t\t<div class=\"elementor-widget-wrap elementor-element-populated\">\n\t\t\t\t\t\t<div class=\"elementor-element elementor-element-374071ef elementor-widget__width-auto elementor-widget elementor-widget-image\" data-id=\"374071ef\" data-element_type=\"widget\" data-e-type=\"widget\" data-widget_type=\"image.default\">\n\t\t\t\t<div class=\"elementor-widget-container\">\n\t\t\t\t\t\t\t\t\t\t\t\t\t\t\t<img decoding=\"async\" width=\"150\" height=\"150\" src=\"https:\/\/www.complycube.com\/wp-content\/uploads\/2022\/03\/icon-watchlist.svg\" class=\"attachment-thumbnail size-thumbnail wp-image-5063\" alt=\"Symbol f\u00fcr globale Sanktionen und \u00dcberpr\u00fcfung der PEP-Watchlist im Hinblick auf die Einhaltung der Geldw\u00e4schebestimmungen\" title=\"Icon-Watchlist | Complycube\" \/>\t\t\t\t\t\t\t\t\t\t\t\t\t\t\t<\/div>\n\t\t\t\t<\/div>\n\t\t\t\t<div class=\"elementor-element elementor-element-73717d3d elementor-widget elementor-widget-heading\" data-id=\"73717d3d\" data-element_type=\"widget\" data-e-type=\"widget\" data-widget_type=\"heading.default\">\n\t\t\t\t<div class=\"elementor-widget-container\">\n\t\t\t\t\t<h3 class=\"elementor-heading-title elementor-size-default\">Watchlist-Screening<\/h3>\t\t\t\t<\/div>\n\t\t\t\t<\/div>\n\t\t\t\t<div class=\"elementor-element elementor-element-188b6a09 elementor-widget elementor-widget-text-editor\" data-id=\"188b6a09\" data-element_type=\"widget\" data-e-type=\"widget\" data-widget_type=\"text-editor.default\">\n\t\t\t\t<div class=\"elementor-widget-container\">\n\t\t\t\t\t\t\t\t\t<p>ComplyCubes umfassende Abdeckung globaler AML-Watchlist-Quellen und flexibler Automatisierungsfunktionen stellen sicher, dass Sie die strengsten Vorschriften einhalten.<\/p>\t\t\t\t\t\t\t\t<\/div>\n\t\t\t\t<\/div>\n\t\t\t\t<div class=\"elementor-element elementor-element-5080600d arrow-link elementor-widget__width-inherit elementor-widget elementor-widget-text-editor\" data-id=\"5080600d\" data-element_type=\"widget\" data-e-type=\"widget\" data-widget_type=\"text-editor.default\">\n\t\t\t\t<div class=\"elementor-widget-container\">\n\t\t\t\t\t\t\t\t\t<p class=\"p1\"><a href=\"https:\/\/www.complycube.com\/de\/losungen\/globales-screening\/beobachtungslisten-screening\/\">L\u00f6sung anzeigen<\/a><\/p>\t\t\t\t\t\t\t\t<\/div>\n\t\t\t\t<\/div>\n\t\t\t\t\t<\/div>\n\t\t<\/section>\n\t\t\t\t<section class=\"make-column-clickable-elementor elementor-column elementor-col-50 elementor-inner-column elementor-element elementor-element-759ea6e1\" style=\"cursor: pointer;\" data-column-clickable=\"https:\/\/www.complycube.com\/solutions\/global-screening\/continuous-monitoring\/\" data-column-clickable-blank=\"_self\" data-id=\"759ea6e1\" data-element_type=\"column\" data-e-type=\"column\" data-settings=\"{&quot;background_background&quot;:&quot;classic&quot;}\">\n\t\t\t<div class=\"elementor-widget-wrap elementor-element-populated\">\n\t\t\t\t\t\t<div class=\"elementor-element elementor-element-1eccebdd elementor-widget__width-auto elementor-widget elementor-widget-image\" data-id=\"1eccebdd\" data-element_type=\"widget\" data-e-type=\"widget\" data-widget_type=\"image.default\">\n\t\t\t\t<div class=\"elementor-widget-container\">\n\t\t\t\t\t\t\t\t\t\t\t\t\t\t\t<img loading=\"lazy\" decoding=\"async\" width=\"150\" height=\"150\" src=\"https:\/\/www.complycube.com\/wp-content\/uploads\/2022\/03\/icon-ongoing-due-diligence.svg\" class=\"attachment-thumbnail size-thumbnail wp-image-5353\" alt=\"Symbol zur Anzeige von kontinuierlichen Sanktionen und PEP-\u00dcberwachung f\u00fcr die laufende Sorgfaltspflicht und die Einhaltung gesetzlicher Vorschriften\" title=\"Icon laufende Due Diligence | Complycube\" \/>\t\t\t\t\t\t\t\t\t\t\t\t\t\t\t<\/div>\n\t\t\t\t<\/div>\n\t\t\t\t<div class=\"elementor-element elementor-element-4c6caeea elementor-widget elementor-widget-heading\" data-id=\"4c6caeea\" data-element_type=\"widget\" data-e-type=\"widget\" data-widget_type=\"heading.default\">\n\t\t\t\t<div class=\"elementor-widget-container\">\n\t\t\t\t\t<h3 class=\"elementor-heading-title elementor-size-default\">Kontinuierliche \u00dcberwachung<\/h3>\t\t\t\t<\/div>\n\t\t\t\t<\/div>\n\t\t\t\t<div class=\"elementor-element elementor-element-5f68c2a7 elementor-widget elementor-widget-text-editor\" data-id=\"5f68c2a7\" data-element_type=\"widget\" data-e-type=\"widget\" data-widget_type=\"text-editor.default\">\n\t\t\t\t<div class=\"elementor-widget-container\">\n\t\t\t\t\t\t\t\t\t<p>Behalten Sie den \u00dcberblick \u00fcber Ihre Ongoing Due Diligence (ODD)-Verpflichtungen, indem Sie unseren kontinuierlichen \u00dcberwachungsdienst nutzen. Sie werden in Echtzeit benachrichtigt, wenn sich der Status Ihrer Kunden \u00e4ndert.<\/p>\t\t\t\t\t\t\t\t<\/div>\n\t\t\t\t<\/div>\n\t\t\t\t<div class=\"elementor-element elementor-element-2f2e4388 arrow-link elementor-widget__width-inherit elementor-widget elementor-widget-text-editor\" data-id=\"2f2e4388\" data-element_type=\"widget\" data-e-type=\"widget\" data-widget_type=\"text-editor.default\">\n\t\t\t\t<div class=\"elementor-widget-container\">\n\t\t\t\t\t\t\t\t\t<p class=\"p1\"><a href=\"https:\/\/www.complycube.com\/de\/losungen\/globales-screening\/kontinuierliche-uberwachung\/\">L\u00f6sung anzeigen<\/a><\/p>\t\t\t\t\t\t\t\t<\/div>\n\t\t\t\t<\/div>\n\t\t\t\t\t<\/div>\n\t\t<\/section>\n\t\t\t\t\t<\/div>\n\t\t<\/section>\n\t\t\t\t\t<\/div>\n\t\t<\/div>\n\t\t\t\t\t<\/div>\n\t\t<\/div>\n\t\t\t\t<div class=\"elementor-section elementor-top-section elementor-element elementor-element-5c9c474f elementor-section-full_width elementor-section-height-default elementor-section-height-default\" data-id=\"5c9c474f\" data-element_type=\"section\" data-e-type=\"section\">\n\t\t\t\t\t\t<div class=\"elementor-container elementor-column-gap-default\">\n\t\t\t\t\t<div class=\"elementor-column elementor-col-100 elementor-top-column elementor-element elementor-element-b829101\" data-id=\"b829101\" data-element_type=\"column\" data-e-type=\"column\">\n\t\t\t<div class=\"elementor-widget-wrap elementor-element-populated\">\n\t\t\t\t\t\t<div class=\"elementor-element elementor-element-8904a3b elementor-widget elementor-widget-spacer\" data-id=\"8904a3b\" data-element_type=\"widget\" data-e-type=\"widget\" data-widget_type=\"spacer.default\">\n\t\t\t\t<div class=\"elementor-widget-container\">\n\t\t\t\t\t\t\t<div class=\"elementor-spacer\">\n\t\t\t<div class=\"elementor-spacer-inner\"><\/div>\n\t\t<\/div>\n\t\t\t\t\t\t<\/div>\n\t\t\t\t<\/div>\n\t\t\t\t\t<\/div>\n\t\t<\/div>\n\t\t\t\t\t<\/div>\n\t\t<\/div>\n\t\t\t\t<\/div>","protected":false},"excerpt":{"rendered":"<p>Find out more about our individual AML screening solutions. Global screening Our customer screening service boasts global coverage, smart technology, and comprehensive data sources, giving the greatest peace of mind.\u00a0 Sanctions &amp; PEP screening Our screening capability provides extensive coverage of sanctioned, Politically Exposed Persons (PEP) individuals and\u00a0 companies View solution Adverse media checks Protect [&hellip;]<\/p>\n","protected":false},"author":1,"featured_media":0,"parent":9,"menu_order":1,"comment_status":"closed","ping_status":"closed","template":"elementor_header_footer","meta":{"_acf_changed":false,"content-type":"","inline_featured_image":false,"footnotes":""},"class_list":["post-23","page","type-page","status-publish","hentry"],"acf":[],"aioseo_notices":[],"_links":{"self":[{"href":"https:\/\/www.complycube.com\/de\/wp-json\/wp\/v2\/pages\/23","targetHints":{"allow":["GET"]}}],"collection":[{"href":"https:\/\/www.complycube.com\/de\/wp-json\/wp\/v2\/pages"}],"about":[{"href":"https:\/\/www.complycube.com\/de\/wp-json\/wp\/v2\/types\/page"}],"author":[{"embeddable":true,"href":"https:\/\/www.complycube.com\/de\/wp-json\/wp\/v2\/users\/1"}],"replies":[{"embeddable":true,"href":"https:\/\/www.complycube.com\/de\/wp-json\/wp\/v2\/comments?post=23"}],"version-history":[{"count":31,"href":"https:\/\/www.complycube.com\/de\/wp-json\/wp\/v2\/pages\/23\/revisions"}],"predecessor-version":[{"id":30683,"href":"https:\/\/www.complycube.com\/de\/wp-json\/wp\/v2\/pages\/23\/revisions\/30683"}],"up":[{"embeddable":true,"href":"https:\/\/www.complycube.com\/de\/wp-json\/wp\/v2\/pages\/9"}],"wp:attachment":[{"href":"https:\/\/www.complycube.com\/de\/wp-json\/wp\/v2\/media?parent=23"}],"curies":[{"name":"wp","href":"https:\/\/api.w.org\/{rel}","templated":true}]}}