{"id":166,"date":"2021-10-27T12:12:49","date_gmt":"2021-10-27T12:12:49","guid":{"rendered":"http:\/\/new.complycube.io\/?page_id=166"},"modified":"2022-10-14T13:36:38","modified_gmt":"2022-10-14T13:36:38","slug":"cookie-richtlinie","status":"publish","type":"page","link":"https:\/\/www.complycube.com\/de\/cookie-policy\/","title":{"rendered":"Cookie-Richtlinie"},"content":{"rendered":"<h2>WIE WIR COOKIES VERWENDEN<\/h2>\n<ol type=\"1\">\n<li>Unsere Website (https:\/\/www.complycube.com) verwendet Cookies, um Sie von anderen Benutzern unserer Website zu unterscheiden. Ein Cookie ist eine kleine Datei, die um Erlaubnis bittet, auf der Festplatte Ihres Computers platziert zu werden. Sobald Sie zustimmen, wird die Datei hinzugef\u00fcgt und das Cookie hilft bei der Analyse des Webverkehrs oder informiert Sie, wenn Sie eine bestimmte Website besuchen. Cookies erm\u00f6glichen es Webanwendungen, auf Sie als Individuum zu reagieren, wodurch eine gute Erfahrung geboten wird und wir gleichzeitig unsere Website verbessern k\u00f6nnen. Die Webanwendung kann ihren Betrieb an Ihre Bed\u00fcrfnisse, Vorlieben und Abneigungen anpassen, indem sie Informationen \u00fcber Ihre Pr\u00e4ferenzen sammelt und speichert.<\/li>\n<li>Wir verwenden Verkehrsprotokoll-Cookies, um zu erkennen, welche Seiten verwendet werden. Dies hilft uns, Daten \u00fcber den Webseitenverkehr zu analysieren und unsere Website zu verbessern, um sie an die Kundenbed\u00fcrfnisse anzupassen. Wir verwenden diese Informationen nur f\u00fcr statistische Analysezwecke und dann werden die Daten aus dem System entfernt.<\/li>\n<li>Insgesamt helfen uns Cookies dabei, Ihnen eine bessere Website bereitzustellen, indem sie uns erm\u00f6glichen zu \u00fcberwachen, welche Seiten Sie f\u00fcr n\u00fctzlich halten und welche nicht. Ein Cookie gew\u00e4hrt uns in keiner Weise Zugriff auf Ihren Computer oder andere Informationen \u00fcber Sie, mit Ausnahme der Daten, die Sie mit uns teilen. Durch den Zugriff auf unsere Website stimmen Sie der Verwendung von Cookies auf Ihrem System zu. Die meisten Webbrowser akzeptieren Cookies automatisch, aber Sie k\u00f6nnen in der Regel Ihre Browsereinstellungen \u00e4ndern, um Cookies abzulehnen, wenn Sie dies vorziehen. Dies verhindert, dass Sie die Website in vollem Umfang nutzen k\u00f6nnen.<\/li>\n<\/ol>\n<h2>ARTEN VON COOKIES<\/h2>\n<p class=\"legal\">Cookies fallen in eine von vier Kategorien:<\/p>\n<ul type=\"1\">\n<li>Unbedingt erforderlich, die f\u00fcr das ordnungsgem\u00e4\u00dfe Funktionieren der wesentlichen Funktionen der Site erforderlich sind.<\/li>\n<li>Leistungs-Cookies, die es uns erm\u00f6glichen, die Nutzung der Website zu analysieren, um sie zu verbessern. Diese Cookies enthalten keine pers\u00f6nlichen Informationen, die einen Besucher identifizieren, und alle gesammelten Informationen werden aggregiert und sind daher anonym. Durch die Nutzung unserer Website erkl\u00e4ren Sie sich damit einverstanden, dass wir diese Arten von Cookies auf Ihrem Ger\u00e4t platzieren k\u00f6nnen.<\/li>\n<li>Notwendige Funktionalit\u00e4t, die es der Website erm\u00f6glicht, sich von Ihnen getroffene Entscheidungen wie Benutzername, Sprache usw. zu merken. Diese Cookies erm\u00f6glichen es nicht, Ihre Surfaktivit\u00e4ten auf anderen Websites von ComplyCube zu verfolgen. Wenn Sie Ihrem Browser erlauben, sich Ihre Login-Daten zu merken, stimmen Sie zu, dass wir diese Arten von Cookies auf Ihrem Ger\u00e4t platzieren k\u00f6nnen.<\/li>\n<li>Targeting erforderlich, um Anzeigen zu schalten, die f\u00fcr den Benutzer und seine Interessen relevanter sind. F\u00fcr eingeloggte Benutzer werden \u00fcberhaupt keine Anzeigen geschaltet, daher gelten diese Cookies nur f\u00fcr ausgeloggte Besucher.<\/li>\n<\/ul>\n<h2>KONTROLLE \u00dcBER COOKIES<\/h2>\n<p class=\"legal\">Sie k\u00f6nnen Cookies blockieren, indem Sie die Einstellung in Ihrem Browser aktivieren, mit der Sie das Setzen aller oder einiger Cookies ablehnen k\u00f6nnen. Wenn Sie jedoch Ihre Browsereinstellungen verwenden, um alle Cookies (einschlie\u00dflich wesentlicher Cookies) zu blockieren, k\u00f6nnen Sie m\u00f6glicherweise nicht auf alle oder Teile unserer Website zugreifen.<\/p>","protected":false},"excerpt":{"rendered":"<p>HOW WE USE COOKIES Our site (https:\/\/www.complycube.com) uses cookies to distinguish you from other users of our site. A cookie is a small file which asks permission to be placed on your computer&#8217;s hard drive. Once you agree, the file is added and the cookie helps analyse web traffic or lets you know when you [&hellip;]<\/p>\n","protected":false},"author":1,"featured_media":0,"parent":0,"menu_order":11,"comment_status":"closed","ping_status":"closed","template":"","meta":{"_acf_changed":false,"content-type":"","inline_featured_image":false,"footnotes":""},"class_list":["post-166","page","type-page","status-publish","hentry"],"acf":[],"aioseo_notices":[],"aioseo_head":"\n\t\t<!-- All in One SEO Pro 4.9.5.2 - aioseo.com -->\n\t<meta name=\"description\" content=\"Have you been wondering how we utilize the cookies we gather? They\u2019re there to help us make the experience better for you. Read our cookie policy now!\" \/>\n\t<meta name=\"robots\" content=\"max-image-preview:large\" \/>\n\t<meta name=\"google-site-verification\" content=\"9nwsC3BxNQT0rN_dh5xNnCBQI6EVMaGEtvfky-IUUgQ\" \/>\n\t<meta name=\"msvalidate.01\" content=\"6787C3F0846FBE039FCD4064ECED4F6A\" \/>\n\t<link rel=\"canonical\" href=\"https:\/\/www.complycube.com\/de\/cookie-policy\/\" \/>\n\t<meta name=\"generator\" content=\"All in One SEO Pro (AIOSEO) 4.9.5.2\" \/>\n\t\t<meta property=\"og:locale\" content=\"de_DE\" \/>\n\t\t<meta property=\"og:site_name\" content=\"ComplyCube | ComplyCube&#039;s API automates Identity Verification (IDV), Know Your Customer (KYC) &amp; Anti-Money Laundering (AML) checks. Get started with our AML\/KYC API today\" \/>\n\t\t<meta property=\"og:type\" content=\"article\" \/>\n\t\t<meta property=\"og:title\" content=\"ComplyCube&#039;s Cookie Policy: The Robust AML SAAS Company\" \/>\n\t\t<meta property=\"og:description\" content=\"Have you been wondering how we utilize the cookies we gather? They\u2019re there to help us make the experience better for you. Read our cookie policy now!\" \/>\n\t\t<meta property=\"og:url\" content=\"https:\/\/www.complycube.com\/de\/cookie-policy\/\" \/>\n\t\t<meta property=\"og:image\" content=\"https:\/\/www.complycube.com\/wp-content\/uploads\/2021\/10\/complycube-favicon.png\" \/>\n\t\t<meta property=\"og:image:secure_url\" content=\"https:\/\/www.complycube.com\/wp-content\/uploads\/2021\/10\/complycube-favicon.png\" \/>\n\t\t<meta property=\"og:image:width\" content=\"512\" \/>\n\t\t<meta property=\"og:image:height\" content=\"512\" \/>\n\t\t<meta property=\"article:published_time\" content=\"2021-10-27T12:12:49+00:00\" \/>\n\t\t<meta property=\"article:modified_time\" content=\"2022-10-14T13:36:38+00:00\" \/>\n\t\t<meta property=\"article:publisher\" content=\"https:\/\/www.facebook.com\/ComplyCube\" \/>\n\t\t<meta name=\"twitter:card\" content=\"summary\" \/>\n\t\t<meta name=\"twitter:site\" content=\"@ComplyCube\" \/>\n\t\t<meta name=\"twitter:title\" content=\"ComplyCube&#039;s Cookie Policy: The Robust AML SAAS Company\" \/>\n\t\t<meta name=\"twitter:description\" content=\"Have you been wondering how we utilize the cookies we gather? They\u2019re there to help us make the experience better for you. Read our cookie policy now!\" \/>\n\t\t<meta name=\"twitter:creator\" content=\"@ComplyCube\" \/>\n\t\t<meta name=\"twitter:image\" content=\"https:\/\/www.complycube.com\/wp-content\/uploads\/2021\/10\/complycube-favicon.png\" \/>\n\t\t<script type=\"application\/ld+json\" class=\"aioseo-schema\">\n\t\t\t{\"@context\":\"https:\\\/\\\/schema.org\",\"@graph\":[{\"@type\":\"BreadcrumbList\",\"@id\":\"https:\\\/\\\/www.complycube.com\\\/de\\\/cookie-policy\\\/#breadcrumblist\",\"itemListElement\":[{\"@type\":\"ListItem\",\"@id\":\"https:\\\/\\\/www.complycube.com\\\/de\\\/#listItem\",\"position\":1,\"name\":\"Home\",\"item\":\"https:\\\/\\\/www.complycube.com\\\/de\\\/\",\"nextItem\":{\"@type\":\"ListItem\",\"@id\":\"https:\\\/\\\/www.complycube.com\\\/de\\\/cookie-policy\\\/#listItem\",\"name\":\"Cookie policy\"}},{\"@type\":\"ListItem\",\"@id\":\"https:\\\/\\\/www.complycube.com\\\/de\\\/cookie-policy\\\/#listItem\",\"position\":2,\"name\":\"Cookie policy\",\"previousItem\":{\"@type\":\"ListItem\",\"@id\":\"https:\\\/\\\/www.complycube.com\\\/de\\\/#listItem\",\"name\":\"Home\"}}]},{\"@type\":\"Organization\",\"@id\":\"https:\\\/\\\/www.complycube.com\\\/de\\\/#organization\",\"name\":\"ComplyCube\",\"description\":\"ComplyCube's API automates Identity Verification (IDV), Know Your Customer (KYC) & Anti-Money Laundering (AML) checks. Get started with our AML\\\/KYC API today\",\"url\":\"https:\\\/\\\/www.complycube.com\\\/de\\\/\",\"telephone\":\"+442032861575\",\"logo\":{\"@type\":\"ImageObject\",\"url\":\"https:\\\/\\\/www.complycube.com\\\/wp-content\\\/uploads\\\/2022\\\/09\\\/ComplyCube-Square-125-x-125.png\",\"@id\":\"https:\\\/\\\/www.complycube.com\\\/de\\\/cookie-policy\\\/#organizationLogo\",\"width\":125,\"height\":125,\"caption\":\"ComplyCube Square Logo\"},\"image\":{\"@id\":\"https:\\\/\\\/www.complycube.com\\\/de\\\/cookie-policy\\\/#organizationLogo\"},\"sameAs\":[\"https:\\\/\\\/www.facebook.com\\\/ComplyCube\",\"https:\\\/\\\/x.com\\\/ComplyCube\",\"https:\\\/\\\/www.instagram.com\\\/complycube\\\/\",\"https:\\\/\\\/www.youtube.com\\\/@complycube\",\"https:\\\/\\\/linkedin.com\\\/company\\\/ComplyCube\"],\"address\":{\"@id\":\"https:\\\/\\\/www.complycube.com\\\/de\\\/#postaladdress\",\"@type\":\"PostalAddress\",\"streetAddress\":\"30 Churchill Place, Canary Wharf\",\"postalCode\":\"E14 5RE\",\"addressLocality\":\"London\",\"addressCountry\":\"GB\"}},{\"@type\":\"WebPage\",\"@id\":\"https:\\\/\\\/www.complycube.com\\\/de\\\/cookie-policy\\\/#webpage\",\"url\":\"https:\\\/\\\/www.complycube.com\\\/de\\\/cookie-policy\\\/\",\"name\":\"ComplyCube's Cookie Policy: The Robust AML SAAS Company\",\"description\":\"Have you been wondering how we utilize the cookies we gather? They\\u2019re there to help us make the experience better for you. Read our cookie policy now!\",\"inLanguage\":\"de-DE\",\"isPartOf\":{\"@id\":\"https:\\\/\\\/www.complycube.com\\\/de\\\/#website\"},\"breadcrumb\":{\"@id\":\"https:\\\/\\\/www.complycube.com\\\/de\\\/cookie-policy\\\/#breadcrumblist\"},\"datePublished\":\"2021-10-27T12:12:49+00:00\",\"dateModified\":\"2022-10-14T13:36:38+00:00\"},{\"@type\":\"WebSite\",\"@id\":\"https:\\\/\\\/www.complycube.com\\\/de\\\/#website\",\"url\":\"https:\\\/\\\/www.complycube.com\\\/de\\\/\",\"name\":\"ComplyCube\",\"description\":\"ComplyCube's API automates Identity Verification (IDV), Know Your Customer (KYC) & Anti-Money Laundering (AML) checks. Get started with our AML\\\/KYC API today\",\"inLanguage\":\"de-DE\",\"publisher\":{\"@id\":\"https:\\\/\\\/www.complycube.com\\\/de\\\/#organization\"}}]}\n\t\t<\/script>\n\t\t<!-- All in One SEO Pro -->\r\n\t\t<title>ComplyCube's Cookie Policy: The Robust AML SAAS Company<\/title>\n\n","aioseo_head_json":{"title":"Cookie-Richtlinie von ComplyCube: Das robuste AML SAAS-Unternehmen","description":"Haben Sie sich gefragt, wie wir die von uns gesammelten Cookies verwenden? Sie sind da, um uns dabei zu helfen, das Erlebnis f\u00fcr Sie zu verbessern. Lesen Sie jetzt unsere Cookie-Richtlinie!","canonical_url":"https:\/\/www.complycube.com\/de\/cookie-policy\/","robots":"max-image-preview:large","keywords":"","webmasterTools":{"google-site-verification":"9nwsC3BxNQT0rN_dh5xNnCBQI6EVMaGEtvfky-IUUgQ","msvalidate.01":"6787C3F0846FBE039FCD4064ECED4F6A","miscellaneous":""},"schema":{"@context":"https:\/\/schema.org","@graph":[{"@type":"BreadcrumbList","@id":"https:\/\/www.complycube.com\/de\/cookie-policy\/#breadcrumblist","itemListElement":[{"@type":"ListItem","@id":"https:\/\/www.complycube.com\/de\/#listItem","position":1,"name":"Home","item":"https:\/\/www.complycube.com\/de\/","nextItem":{"@type":"ListItem","@id":"https:\/\/www.complycube.com\/de\/cookie-policy\/#listItem","name":"Cookie policy"}},{"@type":"ListItem","@id":"https:\/\/www.complycube.com\/de\/cookie-policy\/#listItem","position":2,"name":"Cookie policy","previousItem":{"@type":"ListItem","@id":"https:\/\/www.complycube.com\/de\/#listItem","name":"Home"}}]},{"@type":"Organization","@id":"https:\/\/www.complycube.com\/de\/#organization","name":"ComplyCube","description":"ComplyCube's API automates Identity Verification (IDV), Know Your Customer (KYC) & Anti-Money Laundering (AML) checks. Get started with our AML\/KYC API today","url":"https:\/\/www.complycube.com\/de\/","telephone":"+442032861575","logo":{"@type":"ImageObject","url":"https:\/\/www.complycube.com\/wp-content\/uploads\/2022\/09\/ComplyCube-Square-125-x-125.png","@id":"https:\/\/www.complycube.com\/de\/cookie-policy\/#organizationLogo","width":125,"height":125,"caption":"ComplyCube Square Logo"},"image":{"@id":"https:\/\/www.complycube.com\/de\/cookie-policy\/#organizationLogo"},"sameAs":["https:\/\/www.facebook.com\/ComplyCube","https:\/\/x.com\/ComplyCube","https:\/\/www.instagram.com\/complycube\/","https:\/\/www.youtube.com\/@complycube","https:\/\/linkedin.com\/company\/ComplyCube"],"address":{"@id":"https:\/\/www.complycube.com\/de\/#postaladdress","@type":"PostalAddress","streetAddress":"30 Churchill Place, Canary Wharf","postalCode":"E14 5RE","addressLocality":"London","addressCountry":"GB"}},{"@type":"WebPage","@id":"https:\/\/www.complycube.com\/de\/cookie-policy\/#webpage","url":"https:\/\/www.complycube.com\/de\/cookie-policy\/","name":"ComplyCube's Cookie Policy: The Robust AML SAAS Company","description":"Have you been wondering how we utilize the cookies we gather? They\u2019re there to help us make the experience better for you. Read our cookie policy now!","inLanguage":"de-DE","isPartOf":{"@id":"https:\/\/www.complycube.com\/de\/#website"},"breadcrumb":{"@id":"https:\/\/www.complycube.com\/de\/cookie-policy\/#breadcrumblist"},"datePublished":"2021-10-27T12:12:49+00:00","dateModified":"2022-10-14T13:36:38+00:00"},{"@type":"WebSite","@id":"https:\/\/www.complycube.com\/de\/#website","url":"https:\/\/www.complycube.com\/de\/","name":"ComplyCube","description":"ComplyCube's API automates Identity Verification (IDV), Know Your Customer (KYC) & Anti-Money Laundering (AML) checks. Get started with our AML\/KYC API today","inLanguage":"de-DE","publisher":{"@id":"https:\/\/www.complycube.com\/de\/#organization"}}]},"og:locale":"de_DE","og:site_name":"ComplyCube | ComplyCube's API automates Identity Verification (IDV), Know Your Customer (KYC) &amp; Anti-Money Laundering (AML) checks. Get started with our AML\/KYC API today","og:type":"article","og:title":"ComplyCube's Cookie Policy: The Robust AML SAAS Company","og:description":"Have you been wondering how we utilize the cookies we gather? They\u2019re there to help us make the experience better for you. Read our cookie policy now!","og:url":"https:\/\/www.complycube.com\/de\/cookie-policy\/","og:image":"https:\/\/www.complycube.com\/wp-content\/uploads\/2021\/10\/complycube-favicon.png","og:image:secure_url":"https:\/\/www.complycube.com\/wp-content\/uploads\/2021\/10\/complycube-favicon.png","og:image:width":512,"og:image:height":512,"article:published_time":"2021-10-27T12:12:49+00:00","article:modified_time":"2022-10-14T13:36:38+00:00","article:publisher":"https:\/\/www.facebook.com\/ComplyCube","twitter:card":"summary","twitter:site":"@ComplyCube","twitter:title":"ComplyCube's Cookie Policy: The Robust AML SAAS Company","twitter:description":"Have you been wondering how we utilize the cookies we gather? They\u2019re there to help us make the experience better for you. Read our cookie policy now!","twitter:creator":"@ComplyCube","twitter:image":"https:\/\/www.complycube.com\/wp-content\/uploads\/2021\/10\/complycube-favicon.png"},"aioseo_meta_data":{"post_id":"166","title":"Cookie-Richtlinie von ComplyCube: Das robuste AML SAAS-Unternehmen","description":"Haben Sie sich gefragt, wie wir die von uns gesammelten Cookies verwenden? Sie sind da, um uns dabei zu helfen, das Erlebnis f\u00fcr Sie zu verbessern. Lesen Sie jetzt unsere Cookie-Richtlinie!","keywords":[],"keyphrases":{"focus":{"keyphrase":"","score":0,"analysis":{"keyphraseInTitle":{"score":0,"maxScore":9,"error":1}}},"additional":[]},"primary_term":null,"canonical_url":null,"og_title":null,"og_description":null,"og_object_type":"default","og_image_type":"default","og_image_url":null,"og_image_width":null,"og_image_height":null,"og_image_custom_url":null,"og_image_custom_fields":null,"og_video":"","og_custom_url":null,"og_article_section":null,"og_article_tags":[],"twitter_use_og":false,"twitter_card":"default","twitter_image_type":"default","twitter_image_url":null,"twitter_image_custom_url":null,"twitter_image_custom_fields":null,"twitter_title":null,"twitter_description":null,"schema":{"blockGraphs":[],"customGraphs":[],"default":{"data":{"Article":[],"Course":[],"Dataset":[],"FAQPage":[],"Movie":[],"Person":[],"Product":[],"ProductReview":[],"Car":[],"Recipe":[],"Service":[],"SoftwareApplication":[],"WebPage":[]},"graphName":"WebPage","isEnabled":true},"graphs":[],"defaultGraph":"WebPage","defaultPostTypeGraph":""},"schema_type":"default","schema_type_options":"{\"article\":{\"articleType\":\"BlogPosting\"},\"course\":{\"name\":\"\",\"description\":\"\",\"provider\":\"\"},\"faq\":{\"pages\":[]},\"product\":{\"reviews\":[]},\"recipe\":{\"ingredients\":[],\"instructions\":[],\"keywords\":[]},\"software\":{\"reviews\":[],\"operatingSystems\":[]},\"webPage\":{\"webPageType\":\"WebPage\"}}","pillar_content":false,"robots_default":true,"robots_noindex":false,"robots_noarchive":false,"robots_nosnippet":false,"robots_nofollow":false,"robots_noimageindex":false,"robots_noodp":false,"robots_notranslate":false,"robots_max_snippet":"-1","robots_max_videopreview":"-1","robots_max_imagepreview":"large","priority":null,"frequency":"default","local_seo":null,"seo_analyzer_scan_date":"2025-10-08 21:59:37","breadcrumb_settings":null,"limit_modified_date":false,"reviewed_by":null,"open_ai":null,"ai":null,"created":"2021-10-27 12:12:49","updated":"2025-10-08 21:59:37"},"aioseo_breadcrumb":"<div class=\"aioseo-breadcrumbs\"><span class=\"aioseo-breadcrumb\">\n\t<a href=\"https:\/\/www.complycube.com\/de\/\" title=\"Home\">Home<\/a>\n<\/span><span class=\"aioseo-breadcrumb-separator\">&raquo;<\/span><span class=\"aioseo-breadcrumb\">\n\tCookie policy\n<\/span><\/div>","aioseo_breadcrumb_json":[{"label":"Home","link":"https:\/\/www.complycube.com\/de\/"},{"label":"Cookie policy","link":"https:\/\/www.complycube.com\/de\/cookie-policy\/"}],"_links":{"self":[{"href":"https:\/\/www.complycube.com\/de\/wp-json\/wp\/v2\/pages\/166","targetHints":{"allow":["GET"]}}],"collection":[{"href":"https:\/\/www.complycube.com\/de\/wp-json\/wp\/v2\/pages"}],"about":[{"href":"https:\/\/www.complycube.com\/de\/wp-json\/wp\/v2\/types\/page"}],"author":[{"embeddable":true,"href":"https:\/\/www.complycube.com\/de\/wp-json\/wp\/v2\/users\/1"}],"replies":[{"embeddable":true,"href":"https:\/\/www.complycube.com\/de\/wp-json\/wp\/v2\/comments?post=166"}],"version-history":[{"count":1,"href":"https:\/\/www.complycube.com\/de\/wp-json\/wp\/v2\/pages\/166\/revisions"}],"predecessor-version":[{"id":15112,"href":"https:\/\/www.complycube.com\/de\/wp-json\/wp\/v2\/pages\/166\/revisions\/15112"}],"wp:attachment":[{"href":"https:\/\/www.complycube.com\/de\/wp-json\/wp\/v2\/media?parent=166"}],"curies":[{"name":"wp","href":"https:\/\/api.w.org\/{rel}","templated":true}]}}